{"id":5887,"date":"2026-01-17T17:44:31","date_gmt":"2026-01-17T17:44:31","guid":{"rendered":"https:\/\/casadolivreiro.pt\/?post_type=product&#038;p=5887"},"modified":"2026-01-17T17:44:31","modified_gmt":"2026-01-17T17:44:31","slug":"o-meu-mundo-nao-e-deste-reino-joao-de-melo","status":"publish","type":"product","link":"https:\/\/casadolivreiro.pt\/index.php\/product\/o-meu-mundo-nao-e-deste-reino-joao-de-melo\/","title":{"rendered":"O MEU MUNDO N\u00c3O \u00c9 DESTE REINO &#8211; Jo\u00e3o de Melo"},"content":{"rendered":"<p>O MEU MUNDO N\u00c3O \u00c9 DESTE REINO<\/p>\n<p>Jo\u00e3o de Melo<\/p>\n<p>Ano de edi\u00e7\u00e3o: 2003<\/p>\n<p>Editor: Vis\u00e3o \/ Dom Quixote<\/p>\n<p>Idioma: Portugu\u00eas<\/p>\n<p>Dimens\u00f5es: 15 x 1.7 x 22 cm<\/p>\n<p>Encaderna\u00e7\u00e3o: Capa dura<\/p>\n<p>P\u00e1ginas: 222<\/p>\n","protected":false},"excerpt":{"rendered":"<p>O MEU MUNDO N\u00c3O \u00c9 DESTE REINO Jo\u00e3o de Melo Ano de edi\u00e7\u00e3o: 2003 Editor: Vis\u00e3o \/ Dom Quixote Idioma: Portugu\u00eas Dimens\u00f5es: 15 x 1.7 x 22 cm Encaderna\u00e7\u00e3o: Capa dura P\u00e1ginas: 222<\/p>\n","protected":false},"featured_media":5888,"comment_status":"open","ping_status":"closed","template":"","meta":{"om_disable_all_campaigns":false,"_monsterinsights_skip_tracking":false,"_monsterinsights_sitenote_active":false,"_monsterinsights_sitenote_note":"","_monsterinsights_sitenote_category":0,"_uf_show_specific_survey":0,"_uf_disable_surveys":false},"product_cat":[25],"product_tag":[],"aioseo_notices":[],"jetpack_sharing_enabled":true,"_links":{"self":[{"href":"https:\/\/casadolivreiro.pt\/index.php\/wp-json\/wp\/v2\/product\/5887"}],"collection":[{"href":"https:\/\/casadolivreiro.pt\/index.php\/wp-json\/wp\/v2\/product"}],"about":[{"href":"https:\/\/casadolivreiro.pt\/index.php\/wp-json\/wp\/v2\/types\/product"}],"replies":[{"embeddable":true,"href":"https:\/\/casadolivreiro.pt\/index.php\/wp-json\/wp\/v2\/comments?post=5887"}],"wp:featuredmedia":[{"embeddable":true,"href":"https:\/\/casadolivreiro.pt\/index.php\/wp-json\/wp\/v2\/media\/5888"}],"wp:attachment":[{"href":"https:\/\/casadolivreiro.pt\/index.php\/wp-json\/wp\/v2\/media?parent=5887"}],"wp:term":[{"taxonomy":"product_cat","embeddable":true,"href":"https:\/\/casadolivreiro.pt\/index.php\/wp-json\/wp\/v2\/product_cat?post=5887"},{"taxonomy":"product_tag","embeddable":true,"href":"https:\/\/casadolivreiro.pt\/index.php\/wp-json\/wp\/v2\/product_tag?post=5887"}],"curies":[{"name":"wp","href":"https:\/\/api.w.org\/{rel}","templated":true}]}}