{"id":5883,"date":"2026-01-17T17:38:15","date_gmt":"2026-01-17T17:38:15","guid":{"rendered":"https:\/\/casadolivreiro.pt\/?post_type=product&#038;p=5883"},"modified":"2026-01-17T17:38:15","modified_gmt":"2026-01-17T17:38:15","slug":"uma-pedra-sobre-o-rio-margarida-fonseca-santos","status":"publish","type":"product","link":"https:\/\/casadolivreiro.pt\/index.php\/product\/uma-pedra-sobre-o-rio-margarida-fonseca-santos\/","title":{"rendered":"UMA PEDRA SOBRE O RIO &#8211; Margarida Fonseca Santos"},"content":{"rendered":"<p>UMA PEDRA SOBRE O RIO<\/p>\n<p>Margarida Fonseca Santos<\/p>\n<p>Ano de edi\u00e7\u00e3o: 2001<\/p>\n<p>Editor: APE<\/p>\n<p>Idioma: Portugu\u00eas<\/p>\n<p>Dimens\u00f5es: 12 x 1.3 x 21 cm<\/p>\n<p>Encaderna\u00e7\u00e3o: Capa dura<\/p>\n<p>P\u00e1ginas: 128<\/p>\n","protected":false},"excerpt":{"rendered":"<p>UMA PEDRA SOBRE O RIO Margarida Fonseca Santos Ano de edi\u00e7\u00e3o: 2001 Editor: APE Idioma: Portugu\u00eas Dimens\u00f5es: 12 x 1.3 x 21 cm Encaderna\u00e7\u00e3o: Capa dura P\u00e1ginas: 128<\/p>\n","protected":false},"featured_media":5884,"comment_status":"open","ping_status":"closed","template":"","meta":{"om_disable_all_campaigns":false,"_monsterinsights_skip_tracking":false,"_monsterinsights_sitenote_active":false,"_monsterinsights_sitenote_note":"","_monsterinsights_sitenote_category":0,"_uf_show_specific_survey":0,"_uf_disable_surveys":false},"product_cat":[25],"product_tag":[],"aioseo_notices":[],"jetpack_sharing_enabled":true,"_links":{"self":[{"href":"https:\/\/casadolivreiro.pt\/index.php\/wp-json\/wp\/v2\/product\/5883"}],"collection":[{"href":"https:\/\/casadolivreiro.pt\/index.php\/wp-json\/wp\/v2\/product"}],"about":[{"href":"https:\/\/casadolivreiro.pt\/index.php\/wp-json\/wp\/v2\/types\/product"}],"replies":[{"embeddable":true,"href":"https:\/\/casadolivreiro.pt\/index.php\/wp-json\/wp\/v2\/comments?post=5883"}],"wp:featuredmedia":[{"embeddable":true,"href":"https:\/\/casadolivreiro.pt\/index.php\/wp-json\/wp\/v2\/media\/5884"}],"wp:attachment":[{"href":"https:\/\/casadolivreiro.pt\/index.php\/wp-json\/wp\/v2\/media?parent=5883"}],"wp:term":[{"taxonomy":"product_cat","embeddable":true,"href":"https:\/\/casadolivreiro.pt\/index.php\/wp-json\/wp\/v2\/product_cat?post=5883"},{"taxonomy":"product_tag","embeddable":true,"href":"https:\/\/casadolivreiro.pt\/index.php\/wp-json\/wp\/v2\/product_tag?post=5883"}],"curies":[{"name":"wp","href":"https:\/\/api.w.org\/{rel}","templated":true}]}}