{"id":5881,"date":"2026-01-17T17:36:02","date_gmt":"2026-01-17T17:36:02","guid":{"rendered":"https:\/\/casadolivreiro.pt\/?post_type=product&#038;p=5881"},"modified":"2026-01-17T17:36:02","modified_gmt":"2026-01-17T17:36:02","slug":"contos-outra-vez-luisa-costa-gomes","status":"publish","type":"product","link":"https:\/\/casadolivreiro.pt\/index.php\/product\/contos-outra-vez-luisa-costa-gomes\/","title":{"rendered":"CONTOS OUTRA VEZ &#8211; Luisa Costa Gomes"},"content":{"rendered":"<p>CONTOS OUTRA VEZ<\/p>\n<p>Luisa Costa Gomes<\/p>\n<p>Ano de edi\u00e7\u00e3o: 2001<\/p>\n<p>Editor: APE<\/p>\n<p>Idioma: Portugu\u00eas<\/p>\n<p>Dimens\u00f5es: 12 x 1.3 x 21 cm<\/p>\n<p>Encaderna\u00e7\u00e3o: Capa dura<\/p>\n<p>P\u00e1ginas: 158<\/p>\n","protected":false},"excerpt":{"rendered":"<p>CONTOS OUTRA VEZ Luisa Costa Gomes Ano de edi\u00e7\u00e3o: 2001 Editor: APE Idioma: Portugu\u00eas Dimens\u00f5es: 12 x 1.3 x 21 cm Encaderna\u00e7\u00e3o: Capa dura P\u00e1ginas: 158<\/p>\n","protected":false},"featured_media":5882,"comment_status":"open","ping_status":"closed","template":"","meta":{"om_disable_all_campaigns":false,"_monsterinsights_skip_tracking":false,"_monsterinsights_sitenote_active":false,"_monsterinsights_sitenote_note":"","_monsterinsights_sitenote_category":0,"_uf_show_specific_survey":0,"_uf_disable_surveys":false},"product_cat":[25],"product_tag":[],"aioseo_notices":[],"jetpack_sharing_enabled":true,"_links":{"self":[{"href":"https:\/\/casadolivreiro.pt\/index.php\/wp-json\/wp\/v2\/product\/5881"}],"collection":[{"href":"https:\/\/casadolivreiro.pt\/index.php\/wp-json\/wp\/v2\/product"}],"about":[{"href":"https:\/\/casadolivreiro.pt\/index.php\/wp-json\/wp\/v2\/types\/product"}],"replies":[{"embeddable":true,"href":"https:\/\/casadolivreiro.pt\/index.php\/wp-json\/wp\/v2\/comments?post=5881"}],"wp:featuredmedia":[{"embeddable":true,"href":"https:\/\/casadolivreiro.pt\/index.php\/wp-json\/wp\/v2\/media\/5882"}],"wp:attachment":[{"href":"https:\/\/casadolivreiro.pt\/index.php\/wp-json\/wp\/v2\/media?parent=5881"}],"wp:term":[{"taxonomy":"product_cat","embeddable":true,"href":"https:\/\/casadolivreiro.pt\/index.php\/wp-json\/wp\/v2\/product_cat?post=5881"},{"taxonomy":"product_tag","embeddable":true,"href":"https:\/\/casadolivreiro.pt\/index.php\/wp-json\/wp\/v2\/product_tag?post=5881"}],"curies":[{"name":"wp","href":"https:\/\/api.w.org\/{rel}","templated":true}]}}