{"id":588,"date":"2024-03-15T12:00:52","date_gmt":"2024-03-15T12:00:52","guid":{"rendered":"https:\/\/casadolivreiro.pt\/?post_type=product&#038;p=588"},"modified":"2024-03-15T12:00:52","modified_gmt":"2024-03-15T12:00:52","slug":"over-the-edge-of-the-world-magellans-terrifying-circumnavigation-of-the-globe-laurence-bergreen","status":"publish","type":"product","link":"https:\/\/casadolivreiro.pt\/index.php\/product\/over-the-edge-of-the-world-magellans-terrifying-circumnavigation-of-the-globe-laurence-bergreen\/","title":{"rendered":"OVER THE EDGE OF THE WORLD: MAGELLAN\u2019S TERRIFYING CIRCUMNAVIGATION OF THE GLOBE Laurence Bergreen"},"content":{"rendered":"<p>OVER THE EDGE OF THE WORLD: MAGELLAN\u2019S TERRIFYING CIRCUMNAVIGATION OF THE GLOBE<br \/>\nLaurence Bergreen<br \/>\nAno de edi\u00e7\u00e3o: 2003<br \/>\nEditor: Harper Perennial, London<br \/>\nIdioma: Ingl\u00eas<br \/>\nDimens\u00f5es: 13 x 3.5 x 19.8 cm<br \/>\nEncaderna\u00e7\u00e3o: Capa mole<br \/>\nP\u00e1ginas: 456<\/p>\n","protected":false},"excerpt":{"rendered":"<p>OVER THE EDGE OF THE WORLD: MAGELLAN\u2019S TERRIFYING CIRCUMNAVIGATION OF THE GLOBE Laurence Bergreen Ano de edi\u00e7\u00e3o: 2003 Editor: Harper Perennial, London Idioma: Ingl\u00eas Dimens\u00f5es: 13 x 3.5 x 19.8 cm Encaderna\u00e7\u00e3o: Capa mole P\u00e1ginas: 456<\/p>\n","protected":false},"featured_media":589,"comment_status":"open","ping_status":"closed","template":"","meta":{"om_disable_all_campaigns":false,"_monsterinsights_skip_tracking":false,"_monsterinsights_sitenote_active":false,"_monsterinsights_sitenote_note":"","_monsterinsights_sitenote_category":0,"_uf_show_specific_survey":0,"_uf_disable_surveys":false},"product_cat":[30,55,62],"product_tag":[],"aioseo_notices":[],"jetpack_sharing_enabled":true,"_links":{"self":[{"href":"https:\/\/casadolivreiro.pt\/index.php\/wp-json\/wp\/v2\/product\/588"}],"collection":[{"href":"https:\/\/casadolivreiro.pt\/index.php\/wp-json\/wp\/v2\/product"}],"about":[{"href":"https:\/\/casadolivreiro.pt\/index.php\/wp-json\/wp\/v2\/types\/product"}],"replies":[{"embeddable":true,"href":"https:\/\/casadolivreiro.pt\/index.php\/wp-json\/wp\/v2\/comments?post=588"}],"wp:featuredmedia":[{"embeddable":true,"href":"https:\/\/casadolivreiro.pt\/index.php\/wp-json\/wp\/v2\/media\/589"}],"wp:attachment":[{"href":"https:\/\/casadolivreiro.pt\/index.php\/wp-json\/wp\/v2\/media?parent=588"}],"wp:term":[{"taxonomy":"product_cat","embeddable":true,"href":"https:\/\/casadolivreiro.pt\/index.php\/wp-json\/wp\/v2\/product_cat?post=588"},{"taxonomy":"product_tag","embeddable":true,"href":"https:\/\/casadolivreiro.pt\/index.php\/wp-json\/wp\/v2\/product_tag?post=588"}],"curies":[{"name":"wp","href":"https:\/\/api.w.org\/{rel}","templated":true}]}}