{"id":5878,"date":"2026-01-17T17:33:49","date_gmt":"2026-01-17T17:33:49","guid":{"rendered":"https:\/\/casadolivreiro.pt\/?post_type=product&#038;p=5878"},"modified":"2026-01-17T17:33:50","modified_gmt":"2026-01-17T17:33:50","slug":"portugal-nos-mares-antologia-volume-viii-oliveira-martins","status":"publish","type":"product","link":"https:\/\/casadolivreiro.pt\/index.php\/product\/portugal-nos-mares-antologia-volume-viii-oliveira-martins\/","title":{"rendered":"PORTUGAL NOS MARES (Antologia) volume VIII &#8211; Oliveira Martins"},"content":{"rendered":"<p>PORTUGAL NOS MARES (Antologia) volume VIII<\/p>\n<p>Oliveira Martins<\/p>\n<p>Ano de edi\u00e7\u00e3o: 1987<\/p>\n<p>Editor: C\u00edrculo de Leitores<\/p>\n<p>Idioma: Portugu\u00eas<\/p>\n<p>Dimens\u00f5es: 12 x 1.5 x 20.3 cm<\/p>\n<p>Encaderna\u00e7\u00e3o: Capa dura<\/p>\n<p>P\u00e1ginas: 219<\/p>\n","protected":false},"excerpt":{"rendered":"<p>PORTUGAL NOS MARES (Antologia) volume VIII Oliveira Martins Ano de edi\u00e7\u00e3o: 1987 Editor: C\u00edrculo de Leitores Idioma: Portugu\u00eas Dimens\u00f5es: 12 x 1.5 x 20.3 cm Encaderna\u00e7\u00e3o: Capa dura P\u00e1ginas: 219<\/p>\n","protected":false},"featured_media":5879,"comment_status":"open","ping_status":"closed","template":"","meta":{"om_disable_all_campaigns":false,"_monsterinsights_skip_tracking":false,"_monsterinsights_sitenote_active":false,"_monsterinsights_sitenote_note":"","_monsterinsights_sitenote_category":0,"_uf_show_specific_survey":0,"_uf_disable_surveys":false},"product_cat":[25],"product_tag":[],"aioseo_notices":[],"jetpack_sharing_enabled":true,"_links":{"self":[{"href":"https:\/\/casadolivreiro.pt\/index.php\/wp-json\/wp\/v2\/product\/5878"}],"collection":[{"href":"https:\/\/casadolivreiro.pt\/index.php\/wp-json\/wp\/v2\/product"}],"about":[{"href":"https:\/\/casadolivreiro.pt\/index.php\/wp-json\/wp\/v2\/types\/product"}],"replies":[{"embeddable":true,"href":"https:\/\/casadolivreiro.pt\/index.php\/wp-json\/wp\/v2\/comments?post=5878"}],"wp:featuredmedia":[{"embeddable":true,"href":"https:\/\/casadolivreiro.pt\/index.php\/wp-json\/wp\/v2\/media\/5879"}],"wp:attachment":[{"href":"https:\/\/casadolivreiro.pt\/index.php\/wp-json\/wp\/v2\/media?parent=5878"}],"wp:term":[{"taxonomy":"product_cat","embeddable":true,"href":"https:\/\/casadolivreiro.pt\/index.php\/wp-json\/wp\/v2\/product_cat?post=5878"},{"taxonomy":"product_tag","embeddable":true,"href":"https:\/\/casadolivreiro.pt\/index.php\/wp-json\/wp\/v2\/product_tag?post=5878"}],"curies":[{"name":"wp","href":"https:\/\/api.w.org\/{rel}","templated":true}]}}