{"id":5876,"date":"2026-01-17T17:30:39","date_gmt":"2026-01-17T17:30:39","guid":{"rendered":"https:\/\/casadolivreiro.pt\/?post_type=product&#038;p=5876"},"modified":"2026-01-17T17:30:39","modified_gmt":"2026-01-17T17:30:39","slug":"sandalias-de-prata-cristina-caras-lindas","status":"publish","type":"product","link":"https:\/\/casadolivreiro.pt\/index.php\/product\/sandalias-de-prata-cristina-caras-lindas\/","title":{"rendered":"SAND\u00c1LIAS DE PRATA &#8211; Cristina Caras Lindas"},"content":{"rendered":"<p>SAND\u00c1LIAS DE PRATA<\/p>\n<p>Cristina Caras Lindas<\/p>\n<p>Ano de edi\u00e7\u00e3o: 2001<\/p>\n<p>Editor: Bertrand Editora<\/p>\n<p>Idioma: Portugu\u00eas<\/p>\n<p>Dimens\u00f5es: 14 x 2 x 21 cm<\/p>\n<p>Encaderna\u00e7\u00e3o: Capa mole<\/p>\n<p>P\u00e1ginas: 241<\/p>\n","protected":false},"excerpt":{"rendered":"<p>SAND\u00c1LIAS DE PRATA Cristina Caras Lindas Ano de edi\u00e7\u00e3o: 2001 Editor: Bertrand Editora Idioma: Portugu\u00eas Dimens\u00f5es: 14 x 2 x 21 cm Encaderna\u00e7\u00e3o: Capa mole P\u00e1ginas: 241<\/p>\n","protected":false},"featured_media":5877,"comment_status":"open","ping_status":"closed","template":"","meta":{"om_disable_all_campaigns":false,"_monsterinsights_skip_tracking":false,"_monsterinsights_sitenote_active":false,"_monsterinsights_sitenote_note":"","_monsterinsights_sitenote_category":0,"_uf_show_specific_survey":0,"_uf_disable_surveys":false},"product_cat":[25],"product_tag":[],"aioseo_notices":[],"jetpack_sharing_enabled":true,"_links":{"self":[{"href":"https:\/\/casadolivreiro.pt\/index.php\/wp-json\/wp\/v2\/product\/5876"}],"collection":[{"href":"https:\/\/casadolivreiro.pt\/index.php\/wp-json\/wp\/v2\/product"}],"about":[{"href":"https:\/\/casadolivreiro.pt\/index.php\/wp-json\/wp\/v2\/types\/product"}],"replies":[{"embeddable":true,"href":"https:\/\/casadolivreiro.pt\/index.php\/wp-json\/wp\/v2\/comments?post=5876"}],"wp:featuredmedia":[{"embeddable":true,"href":"https:\/\/casadolivreiro.pt\/index.php\/wp-json\/wp\/v2\/media\/5877"}],"wp:attachment":[{"href":"https:\/\/casadolivreiro.pt\/index.php\/wp-json\/wp\/v2\/media?parent=5876"}],"wp:term":[{"taxonomy":"product_cat","embeddable":true,"href":"https:\/\/casadolivreiro.pt\/index.php\/wp-json\/wp\/v2\/product_cat?post=5876"},{"taxonomy":"product_tag","embeddable":true,"href":"https:\/\/casadolivreiro.pt\/index.php\/wp-json\/wp\/v2\/product_tag?post=5876"}],"curies":[{"name":"wp","href":"https:\/\/api.w.org\/{rel}","templated":true}]}}