{"id":5870,"date":"2026-01-17T17:07:05","date_gmt":"2026-01-17T17:07:05","guid":{"rendered":"https:\/\/casadolivreiro.pt\/?post_type=product&#038;p=5870"},"modified":"2026-01-17T17:07:05","modified_gmt":"2026-01-17T17:07:05","slug":"fragmentos-de-um-diario-maria-de-alenquer","status":"publish","type":"product","link":"https:\/\/casadolivreiro.pt\/index.php\/product\/fragmentos-de-um-diario-maria-de-alenquer\/","title":{"rendered":"FRAGMENT\u00d3S DE UM DI\u00c1RIO &#8211; Maria de Alenquer"},"content":{"rendered":"<p>FRAGMENT\u00d3S DE UM DI\u00c1RIO<\/p>\n<p>Maria de Alenquer<\/p>\n<p>Ano de edi\u00e7\u00e3o: 1969<\/p>\n<p>Editor: Minerva, Lisboa<\/p>\n<p>Idioma: Portugu\u00eas<\/p>\n<p>Dimens\u00f5es: 14 x 0.9 x 19.8 cm<\/p>\n<p>Encaderna\u00e7\u00e3o: Capa mole<\/p>\n<p>P\u00e1ginas: 128<\/p>\n","protected":false},"excerpt":{"rendered":"<p>FRAGMENT\u00d3S DE UM DI\u00c1RIO Maria de Alenquer Ano de edi\u00e7\u00e3o: 1969 Editor: Minerva, Lisboa Idioma: Portugu\u00eas Dimens\u00f5es: 14 x 0.9 x 19.8 cm Encaderna\u00e7\u00e3o: Capa mole P\u00e1ginas: 128<\/p>\n","protected":false},"featured_media":5871,"comment_status":"open","ping_status":"closed","template":"","meta":{"om_disable_all_campaigns":false,"_monsterinsights_skip_tracking":false,"_monsterinsights_sitenote_active":false,"_monsterinsights_sitenote_note":"","_monsterinsights_sitenote_category":0,"_uf_show_specific_survey":0,"_uf_disable_surveys":false},"product_cat":[25,27],"product_tag":[],"aioseo_notices":[],"jetpack_sharing_enabled":true,"_links":{"self":[{"href":"https:\/\/casadolivreiro.pt\/index.php\/wp-json\/wp\/v2\/product\/5870"}],"collection":[{"href":"https:\/\/casadolivreiro.pt\/index.php\/wp-json\/wp\/v2\/product"}],"about":[{"href":"https:\/\/casadolivreiro.pt\/index.php\/wp-json\/wp\/v2\/types\/product"}],"replies":[{"embeddable":true,"href":"https:\/\/casadolivreiro.pt\/index.php\/wp-json\/wp\/v2\/comments?post=5870"}],"wp:featuredmedia":[{"embeddable":true,"href":"https:\/\/casadolivreiro.pt\/index.php\/wp-json\/wp\/v2\/media\/5871"}],"wp:attachment":[{"href":"https:\/\/casadolivreiro.pt\/index.php\/wp-json\/wp\/v2\/media?parent=5870"}],"wp:term":[{"taxonomy":"product_cat","embeddable":true,"href":"https:\/\/casadolivreiro.pt\/index.php\/wp-json\/wp\/v2\/product_cat?post=5870"},{"taxonomy":"product_tag","embeddable":true,"href":"https:\/\/casadolivreiro.pt\/index.php\/wp-json\/wp\/v2\/product_tag?post=5870"}],"curies":[{"name":"wp","href":"https:\/\/api.w.org\/{rel}","templated":true}]}}