{"id":5867,"date":"2026-01-17T17:00:59","date_gmt":"2026-01-17T17:00:59","guid":{"rendered":"https:\/\/casadolivreiro.pt\/?post_type=product&#038;p=5867"},"modified":"2026-01-17T17:00:59","modified_gmt":"2026-01-17T17:00:59","slug":"relogios-falantes-apologo-dialogal-primeiro-d-francisco-manuel-de-melo","status":"publish","type":"product","link":"https:\/\/casadolivreiro.pt\/index.php\/product\/relogios-falantes-apologo-dialogal-primeiro-d-francisco-manuel-de-melo\/","title":{"rendered":"REL\u00d3GIOS FALANTES: Ap\u00f3logo Dialogal Primeiro &#8211; D. Francisco Manuel de Melo"},"content":{"rendered":"<p>REL\u00d3GIOS FALANTES: Ap\u00f3logo Dialogal Primeiro<\/p>\n<p>D. Francisco Manuel de Melo<\/p>\n<p>Ano de edi\u00e7\u00e3o: 1964<\/p>\n<p>Editor: Livraria Cl\u00e1ssica Editora, Lisboa<\/p>\n<p>Idioma: Portugu\u00eas<\/p>\n<p>Dimens\u00f5es: 12.5 x 0.6 x 19.2 cm<\/p>\n<p>Encaderna\u00e7\u00e3o: Capa mole<\/p>\n<p>P\u00e1ginas: 105<\/p>\n","protected":false},"excerpt":{"rendered":"<p>REL\u00d3GIOS FALANTES: Ap\u00f3logo Dialogal Primeiro D. Francisco Manuel de Melo Ano de edi\u00e7\u00e3o: 1964 Editor: Livraria Cl\u00e1ssica Editora, Lisboa Idioma: Portugu\u00eas Dimens\u00f5es: 12.5 x 0.6 x 19.2 cm Encaderna\u00e7\u00e3o: Capa mole P\u00e1ginas: 105<\/p>\n","protected":false},"featured_media":5869,"comment_status":"open","ping_status":"closed","template":"","meta":{"om_disable_all_campaigns":false,"_monsterinsights_skip_tracking":false,"_monsterinsights_sitenote_active":false,"_monsterinsights_sitenote_note":"","_monsterinsights_sitenote_category":0,"_uf_show_specific_survey":0,"_uf_disable_surveys":false},"product_cat":[25],"product_tag":[],"aioseo_notices":[],"jetpack_sharing_enabled":true,"_links":{"self":[{"href":"https:\/\/casadolivreiro.pt\/index.php\/wp-json\/wp\/v2\/product\/5867"}],"collection":[{"href":"https:\/\/casadolivreiro.pt\/index.php\/wp-json\/wp\/v2\/product"}],"about":[{"href":"https:\/\/casadolivreiro.pt\/index.php\/wp-json\/wp\/v2\/types\/product"}],"replies":[{"embeddable":true,"href":"https:\/\/casadolivreiro.pt\/index.php\/wp-json\/wp\/v2\/comments?post=5867"}],"wp:featuredmedia":[{"embeddable":true,"href":"https:\/\/casadolivreiro.pt\/index.php\/wp-json\/wp\/v2\/media\/5869"}],"wp:attachment":[{"href":"https:\/\/casadolivreiro.pt\/index.php\/wp-json\/wp\/v2\/media?parent=5867"}],"wp:term":[{"taxonomy":"product_cat","embeddable":true,"href":"https:\/\/casadolivreiro.pt\/index.php\/wp-json\/wp\/v2\/product_cat?post=5867"},{"taxonomy":"product_tag","embeddable":true,"href":"https:\/\/casadolivreiro.pt\/index.php\/wp-json\/wp\/v2\/product_tag?post=5867"}],"curies":[{"name":"wp","href":"https:\/\/api.w.org\/{rel}","templated":true}]}}