{"id":5859,"date":"2026-01-16T18:01:03","date_gmt":"2026-01-16T18:01:03","guid":{"rendered":"https:\/\/casadolivreiro.pt\/?post_type=product&#038;p=5859"},"modified":"2026-01-16T18:01:03","modified_gmt":"2026-01-16T18:01:03","slug":"o-menino-de-seu-pai-gilberto-santos","status":"publish","type":"product","link":"https:\/\/casadolivreiro.pt\/index.php\/product\/o-menino-de-seu-pai-gilberto-santos\/","title":{"rendered":"O MENINO DE SEU PAI &#8211; Gilberto Santos"},"content":{"rendered":"<p>O MENINO DE SEU PAI<\/p>\n<p>Gilberto Santos<\/p>\n<p>Ano de edi\u00e7\u00e3o: 1997<\/p>\n<p>Editor: Editorial Escritor<\/p>\n<p>Idioma: Portugu\u00eas<\/p>\n<p>Dimens\u00f5es: 14.8 x 1.5 x 21 cm<\/p>\n<p>Encaderna\u00e7\u00e3o: Capa mole<\/p>\n<p>P\u00e1ginas: 233<\/p>\n","protected":false},"excerpt":{"rendered":"<p>O MENINO DE SEU PAI Gilberto Santos Ano de edi\u00e7\u00e3o: 1997 Editor: Editorial Escritor Idioma: Portugu\u00eas Dimens\u00f5es: 14.8 x 1.5 x 21 cm Encaderna\u00e7\u00e3o: Capa mole P\u00e1ginas: 233<\/p>\n","protected":false},"featured_media":5860,"comment_status":"open","ping_status":"closed","template":"","meta":{"om_disable_all_campaigns":false,"_monsterinsights_skip_tracking":false,"_monsterinsights_sitenote_active":false,"_monsterinsights_sitenote_note":"","_monsterinsights_sitenote_category":0,"_uf_show_specific_survey":0,"_uf_disable_surveys":false},"product_cat":[25],"product_tag":[],"aioseo_notices":[],"jetpack_sharing_enabled":true,"_links":{"self":[{"href":"https:\/\/casadolivreiro.pt\/index.php\/wp-json\/wp\/v2\/product\/5859"}],"collection":[{"href":"https:\/\/casadolivreiro.pt\/index.php\/wp-json\/wp\/v2\/product"}],"about":[{"href":"https:\/\/casadolivreiro.pt\/index.php\/wp-json\/wp\/v2\/types\/product"}],"replies":[{"embeddable":true,"href":"https:\/\/casadolivreiro.pt\/index.php\/wp-json\/wp\/v2\/comments?post=5859"}],"wp:featuredmedia":[{"embeddable":true,"href":"https:\/\/casadolivreiro.pt\/index.php\/wp-json\/wp\/v2\/media\/5860"}],"wp:attachment":[{"href":"https:\/\/casadolivreiro.pt\/index.php\/wp-json\/wp\/v2\/media?parent=5859"}],"wp:term":[{"taxonomy":"product_cat","embeddable":true,"href":"https:\/\/casadolivreiro.pt\/index.php\/wp-json\/wp\/v2\/product_cat?post=5859"},{"taxonomy":"product_tag","embeddable":true,"href":"https:\/\/casadolivreiro.pt\/index.php\/wp-json\/wp\/v2\/product_tag?post=5859"}],"curies":[{"name":"wp","href":"https:\/\/api.w.org\/{rel}","templated":true}]}}