{"id":5853,"date":"2026-01-16T17:54:02","date_gmt":"2026-01-16T17:54:02","guid":{"rendered":"https:\/\/casadolivreiro.pt\/?post_type=product&#038;p=5853"},"modified":"2026-01-16T17:54:02","modified_gmt":"2026-01-16T17:54:02","slug":"rufam-tambores-por-rancas-manuel-scorza","status":"publish","type":"product","link":"https:\/\/casadolivreiro.pt\/index.php\/product\/rufam-tambores-por-rancas-manuel-scorza\/","title":{"rendered":"RUFAM TAMBORES POR RANCAS &#8211; Manuel Scorza"},"content":{"rendered":"<p>RUFAM TAMBORES POR RANCAS<\/p>\n<p>Manuel Scorza<\/p>\n<p>Ano de edi\u00e7\u00e3o: 1973<\/p>\n<p>Editor: Livraria Bertrand<\/p>\n<p>Idioma: Portugu\u00eas<\/p>\n<p>Dimens\u00f5es: 15.2 x 1.6 x 20 cm<\/p>\n<p>Encaderna\u00e7\u00e3o: Capa mole<\/p>\n<p>P\u00e1ginas: 294<\/p>\n","protected":false},"excerpt":{"rendered":"<p>RUFAM TAMBORES POR RANCAS Manuel Scorza Ano de edi\u00e7\u00e3o: 1973 Editor: Livraria Bertrand Idioma: Portugu\u00eas Dimens\u00f5es: 15.2 x 1.6 x 20 cm Encaderna\u00e7\u00e3o: Capa mole P\u00e1ginas: 294<\/p>\n","protected":false},"featured_media":5854,"comment_status":"open","ping_status":"closed","template":"","meta":{"om_disable_all_campaigns":false,"_monsterinsights_skip_tracking":false,"_monsterinsights_sitenote_active":false,"_monsterinsights_sitenote_note":"","_monsterinsights_sitenote_category":0,"_uf_show_specific_survey":0,"_uf_disable_surveys":false},"product_cat":[25],"product_tag":[],"aioseo_notices":[],"jetpack_sharing_enabled":true,"_links":{"self":[{"href":"https:\/\/casadolivreiro.pt\/index.php\/wp-json\/wp\/v2\/product\/5853"}],"collection":[{"href":"https:\/\/casadolivreiro.pt\/index.php\/wp-json\/wp\/v2\/product"}],"about":[{"href":"https:\/\/casadolivreiro.pt\/index.php\/wp-json\/wp\/v2\/types\/product"}],"replies":[{"embeddable":true,"href":"https:\/\/casadolivreiro.pt\/index.php\/wp-json\/wp\/v2\/comments?post=5853"}],"wp:featuredmedia":[{"embeddable":true,"href":"https:\/\/casadolivreiro.pt\/index.php\/wp-json\/wp\/v2\/media\/5854"}],"wp:attachment":[{"href":"https:\/\/casadolivreiro.pt\/index.php\/wp-json\/wp\/v2\/media?parent=5853"}],"wp:term":[{"taxonomy":"product_cat","embeddable":true,"href":"https:\/\/casadolivreiro.pt\/index.php\/wp-json\/wp\/v2\/product_cat?post=5853"},{"taxonomy":"product_tag","embeddable":true,"href":"https:\/\/casadolivreiro.pt\/index.php\/wp-json\/wp\/v2\/product_tag?post=5853"}],"curies":[{"name":"wp","href":"https:\/\/api.w.org\/{rel}","templated":true}]}}