{"id":5849,"date":"2026-01-16T17:49:46","date_gmt":"2026-01-16T17:49:46","guid":{"rendered":"https:\/\/casadolivreiro.pt\/?post_type=product&#038;p=5849"},"modified":"2026-01-16T17:49:46","modified_gmt":"2026-01-16T17:49:46","slug":"papel-pardo-henrique-monteiro","status":"publish","type":"product","link":"https:\/\/casadolivreiro.pt\/index.php\/product\/papel-pardo-henrique-monteiro\/","title":{"rendered":"PAPEL PARDO &#8211; Henrique Monteiro"},"content":{"rendered":"<p>PAPEL PARDO<\/p>\n<p>Henrique Monteiro<\/p>\n<p>Ano de edi\u00e7\u00e3o: 2009<\/p>\n<p>Editor: Dom Quihote<\/p>\n<p>Idioma: Portugu\u00eas<\/p>\n<p>Dimens\u00f5es: 15.5 x 1.3 x 23.4 cm<\/p>\n<p>Encaderna\u00e7\u00e3o: Capa mole<\/p>\n<p>P\u00e1ginas: 187<\/p>\n","protected":false},"excerpt":{"rendered":"<p>PAPEL PARDO Henrique Monteiro Ano de edi\u00e7\u00e3o: 2009 Editor: Dom Quihote Idioma: Portugu\u00eas Dimens\u00f5es: 15.5 x 1.3 x 23.4 cm Encaderna\u00e7\u00e3o: Capa mole P\u00e1ginas: 187<\/p>\n","protected":false},"featured_media":5850,"comment_status":"open","ping_status":"closed","template":"","meta":{"om_disable_all_campaigns":false,"_monsterinsights_skip_tracking":false,"_monsterinsights_sitenote_active":false,"_monsterinsights_sitenote_note":"","_monsterinsights_sitenote_category":0,"_uf_show_specific_survey":0,"_uf_disable_surveys":false},"product_cat":[25],"product_tag":[],"aioseo_notices":[],"jetpack_sharing_enabled":true,"_links":{"self":[{"href":"https:\/\/casadolivreiro.pt\/index.php\/wp-json\/wp\/v2\/product\/5849"}],"collection":[{"href":"https:\/\/casadolivreiro.pt\/index.php\/wp-json\/wp\/v2\/product"}],"about":[{"href":"https:\/\/casadolivreiro.pt\/index.php\/wp-json\/wp\/v2\/types\/product"}],"replies":[{"embeddable":true,"href":"https:\/\/casadolivreiro.pt\/index.php\/wp-json\/wp\/v2\/comments?post=5849"}],"wp:featuredmedia":[{"embeddable":true,"href":"https:\/\/casadolivreiro.pt\/index.php\/wp-json\/wp\/v2\/media\/5850"}],"wp:attachment":[{"href":"https:\/\/casadolivreiro.pt\/index.php\/wp-json\/wp\/v2\/media?parent=5849"}],"wp:term":[{"taxonomy":"product_cat","embeddable":true,"href":"https:\/\/casadolivreiro.pt\/index.php\/wp-json\/wp\/v2\/product_cat?post=5849"},{"taxonomy":"product_tag","embeddable":true,"href":"https:\/\/casadolivreiro.pt\/index.php\/wp-json\/wp\/v2\/product_tag?post=5849"}],"curies":[{"name":"wp","href":"https:\/\/api.w.org\/{rel}","templated":true}]}}