{"id":5847,"date":"2026-01-16T17:47:24","date_gmt":"2026-01-16T17:47:24","guid":{"rendered":"https:\/\/casadolivreiro.pt\/?post_type=product&#038;p=5847"},"modified":"2026-01-16T17:47:24","modified_gmt":"2026-01-16T17:47:24","slug":"as-cores-de-lidia-jorge-maria-isabel-gomes-marques","status":"publish","type":"product","link":"https:\/\/casadolivreiro.pt\/index.php\/product\/as-cores-de-lidia-jorge-maria-isabel-gomes-marques\/","title":{"rendered":"AS CORES DE L\u00cdDIA JORGE &#8211; Maria Isabel Gomes Marques"},"content":{"rendered":"<p>AS CORES DE L\u00cdDIA JORGE<\/p>\n<p>Maria Isabel Gomes Marques<\/p>\n<p>Ano de edi\u00e7\u00e3o: 2004 ( 1.\u00aaedi\u00e7\u00e3o)<\/p>\n<p>Editor: Hugin<\/p>\n<p>Idioma: Portugu\u00eas<\/p>\n<p>Dimens\u00f5es: 15 x 0.8 x 23 cm<\/p>\n<p>Encaderna\u00e7\u00e3o: Capa mole<\/p>\n<p>P\u00e1ginas: 135<\/p>\n","protected":false},"excerpt":{"rendered":"<p>AS CORES DE L\u00cdDIA JORGE Maria Isabel Gomes Marques Ano de edi\u00e7\u00e3o: 2004 ( 1.\u00aaedi\u00e7\u00e3o) Editor: Hugin Idioma: Portugu\u00eas Dimens\u00f5es: 15 x 0.8 x 23 cm Encaderna\u00e7\u00e3o: Capa mole P\u00e1ginas: 135<\/p>\n","protected":false},"featured_media":5848,"comment_status":"open","ping_status":"closed","template":"","meta":{"om_disable_all_campaigns":false,"_monsterinsights_skip_tracking":false,"_monsterinsights_sitenote_active":false,"_monsterinsights_sitenote_note":"","_monsterinsights_sitenote_category":0,"_uf_show_specific_survey":0,"_uf_disable_surveys":false},"product_cat":[25,61],"product_tag":[],"aioseo_notices":[],"jetpack_sharing_enabled":true,"_links":{"self":[{"href":"https:\/\/casadolivreiro.pt\/index.php\/wp-json\/wp\/v2\/product\/5847"}],"collection":[{"href":"https:\/\/casadolivreiro.pt\/index.php\/wp-json\/wp\/v2\/product"}],"about":[{"href":"https:\/\/casadolivreiro.pt\/index.php\/wp-json\/wp\/v2\/types\/product"}],"replies":[{"embeddable":true,"href":"https:\/\/casadolivreiro.pt\/index.php\/wp-json\/wp\/v2\/comments?post=5847"}],"wp:featuredmedia":[{"embeddable":true,"href":"https:\/\/casadolivreiro.pt\/index.php\/wp-json\/wp\/v2\/media\/5848"}],"wp:attachment":[{"href":"https:\/\/casadolivreiro.pt\/index.php\/wp-json\/wp\/v2\/media?parent=5847"}],"wp:term":[{"taxonomy":"product_cat","embeddable":true,"href":"https:\/\/casadolivreiro.pt\/index.php\/wp-json\/wp\/v2\/product_cat?post=5847"},{"taxonomy":"product_tag","embeddable":true,"href":"https:\/\/casadolivreiro.pt\/index.php\/wp-json\/wp\/v2\/product_tag?post=5847"}],"curies":[{"name":"wp","href":"https:\/\/api.w.org\/{rel}","templated":true}]}}