{"id":5845,"date":"2026-01-16T17:42:45","date_gmt":"2026-01-16T17:42:45","guid":{"rendered":"https:\/\/casadolivreiro.pt\/?post_type=product&#038;p=5845"},"modified":"2026-01-16T17:42:45","modified_gmt":"2026-01-16T17:42:45","slug":"olhos-azuis-cabelo-preto-marguerite-duras","status":"publish","type":"product","link":"https:\/\/casadolivreiro.pt\/index.php\/product\/olhos-azuis-cabelo-preto-marguerite-duras\/","title":{"rendered":"OLHOS AZUIS CABELO PRETO &#8211; Marguerite Duras"},"content":{"rendered":"<p>OLHOS AZUIS CABELO PRETO<\/p>\n<p>Marguerite Duras<\/p>\n<p>Tradu\u00e7\u00e3o de Tereza Coelho<\/p>\n<p>Ano de edi\u00e7\u00e3o:<\/p>\n<p>Editor: Difel, Lisboa<\/p>\n<p>Idioma: Portugu\u00eas<\/p>\n<p>Dimens\u00f5es: 15 x 0.7 x 23 cm<\/p>\n<p>Encaderna\u00e7\u00e3o: Capa mole<\/p>\n<p>P\u00e1ginas: 109<\/p>\n","protected":false},"excerpt":{"rendered":"<p>OLHOS AZUIS CABELO PRETO Marguerite Duras Tradu\u00e7\u00e3o de Tereza Coelho Ano de edi\u00e7\u00e3o: Editor: Difel, Lisboa Idioma: Portugu\u00eas Dimens\u00f5es: 15 x 0.7 x 23 cm Encaderna\u00e7\u00e3o: Capa mole P\u00e1ginas: 109<\/p>\n","protected":false},"featured_media":5846,"comment_status":"open","ping_status":"closed","template":"","meta":{"om_disable_all_campaigns":false,"_monsterinsights_skip_tracking":false,"_monsterinsights_sitenote_active":false,"_monsterinsights_sitenote_note":"","_monsterinsights_sitenote_category":0,"_uf_show_specific_survey":0,"_uf_disable_surveys":false},"product_cat":[25],"product_tag":[],"aioseo_notices":[],"jetpack_sharing_enabled":true,"_links":{"self":[{"href":"https:\/\/casadolivreiro.pt\/index.php\/wp-json\/wp\/v2\/product\/5845"}],"collection":[{"href":"https:\/\/casadolivreiro.pt\/index.php\/wp-json\/wp\/v2\/product"}],"about":[{"href":"https:\/\/casadolivreiro.pt\/index.php\/wp-json\/wp\/v2\/types\/product"}],"replies":[{"embeddable":true,"href":"https:\/\/casadolivreiro.pt\/index.php\/wp-json\/wp\/v2\/comments?post=5845"}],"wp:featuredmedia":[{"embeddable":true,"href":"https:\/\/casadolivreiro.pt\/index.php\/wp-json\/wp\/v2\/media\/5846"}],"wp:attachment":[{"href":"https:\/\/casadolivreiro.pt\/index.php\/wp-json\/wp\/v2\/media?parent=5845"}],"wp:term":[{"taxonomy":"product_cat","embeddable":true,"href":"https:\/\/casadolivreiro.pt\/index.php\/wp-json\/wp\/v2\/product_cat?post=5845"},{"taxonomy":"product_tag","embeddable":true,"href":"https:\/\/casadolivreiro.pt\/index.php\/wp-json\/wp\/v2\/product_tag?post=5845"}],"curies":[{"name":"wp","href":"https:\/\/api.w.org\/{rel}","templated":true}]}}