{"id":5843,"date":"2026-01-16T17:38:55","date_gmt":"2026-01-16T17:38:55","guid":{"rendered":"https:\/\/casadolivreiro.pt\/?post_type=product&#038;p=5843"},"modified":"2026-01-16T17:38:56","modified_gmt":"2026-01-16T17:38:56","slug":"informacao-ao-crucificado-carlos-heitor-cony","status":"publish","type":"product","link":"https:\/\/casadolivreiro.pt\/index.php\/product\/informacao-ao-crucificado-carlos-heitor-cony\/","title":{"rendered":"INFORMA\u00c7\u00c3O AO CRUCIFICADO &#8211; Carlos Heitor Cony"},"content":{"rendered":"<p>INFORMA\u00c7\u00c3O AO CRUCIFICADO<\/p>\n<p>Carlos Heitor Cony<\/p>\n<p>Ano de edi\u00e7\u00e3o: 1976<\/p>\n<p>Editor: Livraria Bertrand<\/p>\n<p>Idioma: Portugu\u00eas<\/p>\n<p>Dimens\u00f5es: 14 x 0.9 x 21 cm<\/p>\n<p>Encaderna\u00e7\u00e3o: Capa mole<\/p>\n<p>P\u00e1ginas: 124<\/p>\n","protected":false},"excerpt":{"rendered":"<p>INFORMA\u00c7\u00c3O AO CRUCIFICADO Carlos Heitor Cony Ano de edi\u00e7\u00e3o: 1976 Editor: Livraria Bertrand Idioma: Portugu\u00eas Dimens\u00f5es: 14 x 0.9 x 21 cm Encaderna\u00e7\u00e3o: Capa mole P\u00e1ginas: 124<\/p>\n","protected":false},"featured_media":5844,"comment_status":"open","ping_status":"closed","template":"","meta":{"om_disable_all_campaigns":false,"_monsterinsights_skip_tracking":false,"_monsterinsights_sitenote_active":false,"_monsterinsights_sitenote_note":"","_monsterinsights_sitenote_category":0,"_uf_show_specific_survey":0,"_uf_disable_surveys":false},"product_cat":[25],"product_tag":[],"aioseo_notices":[],"jetpack_sharing_enabled":true,"_links":{"self":[{"href":"https:\/\/casadolivreiro.pt\/index.php\/wp-json\/wp\/v2\/product\/5843"}],"collection":[{"href":"https:\/\/casadolivreiro.pt\/index.php\/wp-json\/wp\/v2\/product"}],"about":[{"href":"https:\/\/casadolivreiro.pt\/index.php\/wp-json\/wp\/v2\/types\/product"}],"replies":[{"embeddable":true,"href":"https:\/\/casadolivreiro.pt\/index.php\/wp-json\/wp\/v2\/comments?post=5843"}],"wp:featuredmedia":[{"embeddable":true,"href":"https:\/\/casadolivreiro.pt\/index.php\/wp-json\/wp\/v2\/media\/5844"}],"wp:attachment":[{"href":"https:\/\/casadolivreiro.pt\/index.php\/wp-json\/wp\/v2\/media?parent=5843"}],"wp:term":[{"taxonomy":"product_cat","embeddable":true,"href":"https:\/\/casadolivreiro.pt\/index.php\/wp-json\/wp\/v2\/product_cat?post=5843"},{"taxonomy":"product_tag","embeddable":true,"href":"https:\/\/casadolivreiro.pt\/index.php\/wp-json\/wp\/v2\/product_tag?post=5843"}],"curies":[{"name":"wp","href":"https:\/\/api.w.org\/{rel}","templated":true}]}}