{"id":584,"date":"2024-03-15T11:54:04","date_gmt":"2024-03-15T11:54:04","guid":{"rendered":"https:\/\/casadolivreiro.pt\/?post_type=product&#038;p=584"},"modified":"2025-02-19T18:43:21","modified_gmt":"2025-02-19T18:43:21","slug":"pigalle-nita-climaco","status":"publish","type":"product","link":"https:\/\/casadolivreiro.pt\/index.php\/product\/pigalle-nita-climaco\/","title":{"rendered":"PIGALLE &#8211; Nita Climaco"},"content":{"rendered":"<p>PIGALLE<br \/>\nNita Climaco<br \/>\nAno de edi\u00e7\u00e3o: 1965<br \/>\nEditor: Edi\u00e7\u00e3o da autora<br \/>\nIdioma: Portugu\u00eas<br \/>\nDimens\u00f5es: 10.7\u00a0 x 2.2 x 17.8 cm<br \/>\nEncaderna\u00e7\u00e3o: Capa mole<br \/>\nP\u00e1ginas: 309<\/p>\n","protected":false},"excerpt":{"rendered":"<p>PIGALLE Nita Climaco Ano de edi\u00e7\u00e3o: 1965 Editor: Edi\u00e7\u00e3o da autora Idioma: Portugu\u00eas Dimens\u00f5es: 10.7\u00a0 x 2.2 x 17.8 cm Encaderna\u00e7\u00e3o: Capa mole P\u00e1ginas: 309<\/p>\n","protected":false},"featured_media":585,"comment_status":"open","ping_status":"closed","template":"","meta":{"om_disable_all_campaigns":false,"_monsterinsights_skip_tracking":false,"_monsterinsights_sitenote_active":false,"_monsterinsights_sitenote_note":"","_monsterinsights_sitenote_category":0,"_uf_show_specific_survey":0,"_uf_disable_surveys":false},"product_cat":[25,37],"product_tag":[],"aioseo_notices":[],"jetpack_sharing_enabled":true,"_links":{"self":[{"href":"https:\/\/casadolivreiro.pt\/index.php\/wp-json\/wp\/v2\/product\/584"}],"collection":[{"href":"https:\/\/casadolivreiro.pt\/index.php\/wp-json\/wp\/v2\/product"}],"about":[{"href":"https:\/\/casadolivreiro.pt\/index.php\/wp-json\/wp\/v2\/types\/product"}],"replies":[{"embeddable":true,"href":"https:\/\/casadolivreiro.pt\/index.php\/wp-json\/wp\/v2\/comments?post=584"}],"wp:featuredmedia":[{"embeddable":true,"href":"https:\/\/casadolivreiro.pt\/index.php\/wp-json\/wp\/v2\/media\/585"}],"wp:attachment":[{"href":"https:\/\/casadolivreiro.pt\/index.php\/wp-json\/wp\/v2\/media?parent=584"}],"wp:term":[{"taxonomy":"product_cat","embeddable":true,"href":"https:\/\/casadolivreiro.pt\/index.php\/wp-json\/wp\/v2\/product_cat?post=584"},{"taxonomy":"product_tag","embeddable":true,"href":"https:\/\/casadolivreiro.pt\/index.php\/wp-json\/wp\/v2\/product_tag?post=584"}],"curies":[{"name":"wp","href":"https:\/\/api.w.org\/{rel}","templated":true}]}}