{"id":5839,"date":"2026-01-16T17:21:28","date_gmt":"2026-01-16T17:21:28","guid":{"rendered":"https:\/\/casadolivreiro.pt\/?post_type=product&#038;p=5839"},"modified":"2026-01-16T17:21:28","modified_gmt":"2026-01-16T17:21:28","slug":"o-livro-de-cesario-verde-cesario-verde","status":"publish","type":"product","link":"https:\/\/casadolivreiro.pt\/index.php\/product\/o-livro-de-cesario-verde-cesario-verde\/","title":{"rendered":"O LIVRO DE CES\u00c1RIO VERDE &#8211; Ces\u00e1rio Verde"},"content":{"rendered":"<p>O LIVRO DE CES\u00c1RIO VERDE<\/p>\n<p>Ces\u00e1rio Verde<\/p>\n<p>Introdu\u00e7\u00e3o de \u00c1lvaro Manuel Machado<\/p>\n<p>Ano de edi\u00e7\u00e3o: 1986<\/p>\n<p>Editor: C\u00edrculo de Leitores<\/p>\n<p>Idioma: Portugu\u00eas<\/p>\n<p>Dimens\u00f5es: 12.7 x 1.5 x 20.3 cm<\/p>\n<p>Encaderna\u00e7\u00e3o: Capa mole<\/p>\n<p>P\u00e1ginas: 152<\/p>\n","protected":false},"excerpt":{"rendered":"<p>O LIVRO DE CES\u00c1RIO VERDE Ces\u00e1rio Verde Introdu\u00e7\u00e3o de \u00c1lvaro Manuel Machado Ano de edi\u00e7\u00e3o: 1986 Editor: C\u00edrculo de Leitores Idioma: Portugu\u00eas Dimens\u00f5es: 12.7 x 1.5 x 20.3 cm Encaderna\u00e7\u00e3o: Capa mole P\u00e1ginas: 152<\/p>\n","protected":false},"featured_media":5840,"comment_status":"open","ping_status":"closed","template":"","meta":{"om_disable_all_campaigns":false,"_monsterinsights_skip_tracking":false,"_monsterinsights_sitenote_active":false,"_monsterinsights_sitenote_note":"","_monsterinsights_sitenote_category":0,"_uf_show_specific_survey":0,"_uf_disable_surveys":false},"product_cat":[25,27],"product_tag":[],"aioseo_notices":[],"jetpack_sharing_enabled":true,"_links":{"self":[{"href":"https:\/\/casadolivreiro.pt\/index.php\/wp-json\/wp\/v2\/product\/5839"}],"collection":[{"href":"https:\/\/casadolivreiro.pt\/index.php\/wp-json\/wp\/v2\/product"}],"about":[{"href":"https:\/\/casadolivreiro.pt\/index.php\/wp-json\/wp\/v2\/types\/product"}],"replies":[{"embeddable":true,"href":"https:\/\/casadolivreiro.pt\/index.php\/wp-json\/wp\/v2\/comments?post=5839"}],"wp:featuredmedia":[{"embeddable":true,"href":"https:\/\/casadolivreiro.pt\/index.php\/wp-json\/wp\/v2\/media\/5840"}],"wp:attachment":[{"href":"https:\/\/casadolivreiro.pt\/index.php\/wp-json\/wp\/v2\/media?parent=5839"}],"wp:term":[{"taxonomy":"product_cat","embeddable":true,"href":"https:\/\/casadolivreiro.pt\/index.php\/wp-json\/wp\/v2\/product_cat?post=5839"},{"taxonomy":"product_tag","embeddable":true,"href":"https:\/\/casadolivreiro.pt\/index.php\/wp-json\/wp\/v2\/product_tag?post=5839"}],"curies":[{"name":"wp","href":"https:\/\/api.w.org\/{rel}","templated":true}]}}