{"id":5835,"date":"2026-01-16T17:15:56","date_gmt":"2026-01-16T17:15:56","guid":{"rendered":"https:\/\/casadolivreiro.pt\/?post_type=product&#038;p=5835"},"modified":"2026-01-16T17:15:56","modified_gmt":"2026-01-16T17:15:56","slug":"chamava-se-libania-adelina-alves-fhic","status":"publish","type":"product","link":"https:\/\/casadolivreiro.pt\/index.php\/product\/chamava-se-libania-adelina-alves-fhic\/","title":{"rendered":"CHAMAVA-SE LIB\u00c2NIA &#8211; Adelina Alves, Fhic"},"content":{"rendered":"<p>CHAMAVA-SE LIB\u00c2NIA<\/p>\n<p>Adelina Alves, Fhic<\/p>\n<p>Ano de edi\u00e7\u00e3o: 3.\u00aa edi\u00e7\u00e3o<\/p>\n<p>Editor: IFHIC<\/p>\n<p>Idioma: Portugu\u00eas<\/p>\n<p>Dimens\u00f5es: 14.7 x 0.6 x 21 cm<\/p>\n<p>Encaderna\u00e7\u00e3o: Capa mole<\/p>\n<p>P\u00e1ginas: 80<\/p>\n","protected":false},"excerpt":{"rendered":"<p>CHAMAVA-SE LIB\u00c2NIA Adelina Alves, Fhic Ano de edi\u00e7\u00e3o: 3.\u00aa edi\u00e7\u00e3o Editor: IFHIC Idioma: Portugu\u00eas Dimens\u00f5es: 14.7 x 0.6 x 21 cm Encaderna\u00e7\u00e3o: Capa mole P\u00e1ginas: 80<\/p>\n","protected":false},"featured_media":5836,"comment_status":"open","ping_status":"closed","template":"","meta":{"om_disable_all_campaigns":false,"_monsterinsights_skip_tracking":false,"_monsterinsights_sitenote_active":false,"_monsterinsights_sitenote_note":"","_monsterinsights_sitenote_category":0,"_uf_show_specific_survey":0,"_uf_disable_surveys":false},"product_cat":[33,25,27],"product_tag":[],"aioseo_notices":[],"jetpack_sharing_enabled":true,"_links":{"self":[{"href":"https:\/\/casadolivreiro.pt\/index.php\/wp-json\/wp\/v2\/product\/5835"}],"collection":[{"href":"https:\/\/casadolivreiro.pt\/index.php\/wp-json\/wp\/v2\/product"}],"about":[{"href":"https:\/\/casadolivreiro.pt\/index.php\/wp-json\/wp\/v2\/types\/product"}],"replies":[{"embeddable":true,"href":"https:\/\/casadolivreiro.pt\/index.php\/wp-json\/wp\/v2\/comments?post=5835"}],"wp:featuredmedia":[{"embeddable":true,"href":"https:\/\/casadolivreiro.pt\/index.php\/wp-json\/wp\/v2\/media\/5836"}],"wp:attachment":[{"href":"https:\/\/casadolivreiro.pt\/index.php\/wp-json\/wp\/v2\/media?parent=5835"}],"wp:term":[{"taxonomy":"product_cat","embeddable":true,"href":"https:\/\/casadolivreiro.pt\/index.php\/wp-json\/wp\/v2\/product_cat?post=5835"},{"taxonomy":"product_tag","embeddable":true,"href":"https:\/\/casadolivreiro.pt\/index.php\/wp-json\/wp\/v2\/product_tag?post=5835"}],"curies":[{"name":"wp","href":"https:\/\/api.w.org\/{rel}","templated":true}]}}