{"id":5828,"date":"2026-01-16T17:06:44","date_gmt":"2026-01-16T17:06:44","guid":{"rendered":"https:\/\/casadolivreiro.pt\/?post_type=product&#038;p=5828"},"modified":"2026-01-16T17:06:44","modified_gmt":"2026-01-16T17:06:44","slug":"sempre-e-pouco-mia-figueiredo","status":"publish","type":"product","link":"https:\/\/casadolivreiro.pt\/index.php\/product\/sempre-e-pouco-mia-figueiredo\/","title":{"rendered":"SEMPRE \u00c9 POUCO &#8211; Mia Figueiredo"},"content":{"rendered":"<p>SEMPRE \u00c9 POUCO<\/p>\n<p>Mia Figueiredo<\/p>\n<p>Ano de edi\u00e7\u00e3o: 2021 ( 1.\u00aa edi\u00e7\u00e3o)<\/p>\n<p>Editor: Poesia Imposs\u00edvel<\/p>\n<p>Idioma: Portugu\u00eas<\/p>\n<p>Dimens\u00f5es: 14 x 0.7 x 22 cm<\/p>\n<p>Encaderna\u00e7\u00e3o: Capa mole<\/p>\n<p>P\u00e1ginas: 77<\/p>\n","protected":false},"excerpt":{"rendered":"<p>SEMPRE \u00c9 POUCO Mia Figueiredo Ano de edi\u00e7\u00e3o: 2021 ( 1.\u00aa edi\u00e7\u00e3o) Editor: Poesia Imposs\u00edvel Idioma: Portugu\u00eas Dimens\u00f5es: 14 x 0.7 x 22 cm Encaderna\u00e7\u00e3o: Capa mole P\u00e1ginas: 77<\/p>\n","protected":false},"featured_media":5829,"comment_status":"open","ping_status":"closed","template":"","meta":{"om_disable_all_campaigns":false,"_monsterinsights_skip_tracking":false,"_monsterinsights_sitenote_active":false,"_monsterinsights_sitenote_note":"","_monsterinsights_sitenote_category":0,"_uf_show_specific_survey":0,"_uf_disable_surveys":false},"product_cat":[25,27,61],"product_tag":[],"aioseo_notices":[],"jetpack_sharing_enabled":true,"_links":{"self":[{"href":"https:\/\/casadolivreiro.pt\/index.php\/wp-json\/wp\/v2\/product\/5828"}],"collection":[{"href":"https:\/\/casadolivreiro.pt\/index.php\/wp-json\/wp\/v2\/product"}],"about":[{"href":"https:\/\/casadolivreiro.pt\/index.php\/wp-json\/wp\/v2\/types\/product"}],"replies":[{"embeddable":true,"href":"https:\/\/casadolivreiro.pt\/index.php\/wp-json\/wp\/v2\/comments?post=5828"}],"wp:featuredmedia":[{"embeddable":true,"href":"https:\/\/casadolivreiro.pt\/index.php\/wp-json\/wp\/v2\/media\/5829"}],"wp:attachment":[{"href":"https:\/\/casadolivreiro.pt\/index.php\/wp-json\/wp\/v2\/media?parent=5828"}],"wp:term":[{"taxonomy":"product_cat","embeddable":true,"href":"https:\/\/casadolivreiro.pt\/index.php\/wp-json\/wp\/v2\/product_cat?post=5828"},{"taxonomy":"product_tag","embeddable":true,"href":"https:\/\/casadolivreiro.pt\/index.php\/wp-json\/wp\/v2\/product_tag?post=5828"}],"curies":[{"name":"wp","href":"https:\/\/api.w.org\/{rel}","templated":true}]}}