{"id":582,"date":"2024-03-15T11:50:45","date_gmt":"2024-03-15T11:50:45","guid":{"rendered":"https:\/\/casadolivreiro.pt\/?post_type=product&#038;p=582"},"modified":"2024-03-15T11:50:45","modified_gmt":"2024-03-15T11:50:45","slug":"lisa-e-clem-romance-de-denise-robins","status":"publish","type":"product","link":"https:\/\/casadolivreiro.pt\/index.php\/product\/lisa-e-clem-romance-de-denise-robins\/","title":{"rendered":"LISA E CLEM &#8211; romance de Denise Robins"},"content":{"rendered":"<p>LISA E CLEM<br \/>\nromance de Denise Robins<br \/>\nTradu\u00e7\u00e3o de Aurora Rodrigues<br \/>\nAno de edi\u00e7\u00e3o: 1973<br \/>\nEditor: Livraria Romano Torres, Lisboa<br \/>\nIdioma: Portugu\u00eas<br \/>\nDimens\u00f5es: 12.5\u00a0 x 2.2 x 18.5 cm<br \/>\nEncaderna\u00e7\u00e3o: Capa mole<br \/>\nP\u00e1ginas: 335<\/p>\n","protected":false},"excerpt":{"rendered":"<p>LISA E CLEM romance de Denise Robins Tradu\u00e7\u00e3o de Aurora Rodrigues Ano de edi\u00e7\u00e3o: 1973 Editor: Livraria Romano Torres, Lisboa Idioma: Portugu\u00eas Dimens\u00f5es: 12.5\u00a0 x 2.2 x 18.5 cm Encaderna\u00e7\u00e3o: Capa mole P\u00e1ginas: 335<\/p>\n","protected":false},"featured_media":583,"comment_status":"open","ping_status":"closed","template":"","meta":{"om_disable_all_campaigns":false,"_monsterinsights_skip_tracking":false,"_monsterinsights_sitenote_active":false,"_monsterinsights_sitenote_note":"","_monsterinsights_sitenote_category":0,"_uf_show_specific_survey":0,"_uf_disable_surveys":false},"product_cat":[26,37],"product_tag":[],"aioseo_notices":[],"jetpack_sharing_enabled":true,"_links":{"self":[{"href":"https:\/\/casadolivreiro.pt\/index.php\/wp-json\/wp\/v2\/product\/582"}],"collection":[{"href":"https:\/\/casadolivreiro.pt\/index.php\/wp-json\/wp\/v2\/product"}],"about":[{"href":"https:\/\/casadolivreiro.pt\/index.php\/wp-json\/wp\/v2\/types\/product"}],"replies":[{"embeddable":true,"href":"https:\/\/casadolivreiro.pt\/index.php\/wp-json\/wp\/v2\/comments?post=582"}],"wp:featuredmedia":[{"embeddable":true,"href":"https:\/\/casadolivreiro.pt\/index.php\/wp-json\/wp\/v2\/media\/583"}],"wp:attachment":[{"href":"https:\/\/casadolivreiro.pt\/index.php\/wp-json\/wp\/v2\/media?parent=582"}],"wp:term":[{"taxonomy":"product_cat","embeddable":true,"href":"https:\/\/casadolivreiro.pt\/index.php\/wp-json\/wp\/v2\/product_cat?post=582"},{"taxonomy":"product_tag","embeddable":true,"href":"https:\/\/casadolivreiro.pt\/index.php\/wp-json\/wp\/v2\/product_tag?post=582"}],"curies":[{"name":"wp","href":"https:\/\/api.w.org\/{rel}","templated":true}]}}