{"id":5818,"date":"2026-01-16T16:56:18","date_gmt":"2026-01-16T16:56:18","guid":{"rendered":"https:\/\/casadolivreiro.pt\/?post_type=product&#038;p=5818"},"modified":"2026-01-16T16:56:18","modified_gmt":"2026-01-16T16:56:18","slug":"napoleao-ernesto-ferrero","status":"publish","type":"product","link":"https:\/\/casadolivreiro.pt\/index.php\/product\/napoleao-ernesto-ferrero\/","title":{"rendered":"NAPOLE\u00c3O &#8211; Ernesto Ferrero"},"content":{"rendered":"<p>NAPOLE\u00c3O<\/p>\n<p>Ernesto Ferrero<\/p>\n<p>Tradu\u00e7\u00e3o de Jos\u00e9 Cola\u00e7o Barreiros<\/p>\n<p>Ano de edi\u00e7\u00e3o: 2003<\/p>\n<p>Editor: Circulo de Leitores<\/p>\n<p>Idioma: Portugu\u00eas<\/p>\n<p>Dimens\u00f5es: 12.7 x 1.8 x 20 cm<\/p>\n<p>Encaderna\u00e7\u00e3o: Capa dura<\/p>\n<p>P\u00e1ginas: 356<\/p>\n","protected":false},"excerpt":{"rendered":"<p>NAPOLE\u00c3O Ernesto Ferrero Tradu\u00e7\u00e3o de Jos\u00e9 Cola\u00e7o Barreiros Ano de edi\u00e7\u00e3o: 2003 Editor: Circulo de Leitores Idioma: Portugu\u00eas Dimens\u00f5es: 12.7 x 1.8 x 20 cm Encaderna\u00e7\u00e3o: Capa dura P\u00e1ginas: 356<\/p>\n","protected":false},"featured_media":5819,"comment_status":"open","ping_status":"closed","template":"","meta":{"om_disable_all_campaigns":false,"_monsterinsights_skip_tracking":false,"_monsterinsights_sitenote_active":false,"_monsterinsights_sitenote_note":"","_monsterinsights_sitenote_category":0,"_uf_show_specific_survey":0,"_uf_disable_surveys":false},"product_cat":[28,30,26],"product_tag":[],"aioseo_notices":[],"jetpack_sharing_enabled":true,"_links":{"self":[{"href":"https:\/\/casadolivreiro.pt\/index.php\/wp-json\/wp\/v2\/product\/5818"}],"collection":[{"href":"https:\/\/casadolivreiro.pt\/index.php\/wp-json\/wp\/v2\/product"}],"about":[{"href":"https:\/\/casadolivreiro.pt\/index.php\/wp-json\/wp\/v2\/types\/product"}],"replies":[{"embeddable":true,"href":"https:\/\/casadolivreiro.pt\/index.php\/wp-json\/wp\/v2\/comments?post=5818"}],"wp:featuredmedia":[{"embeddable":true,"href":"https:\/\/casadolivreiro.pt\/index.php\/wp-json\/wp\/v2\/media\/5819"}],"wp:attachment":[{"href":"https:\/\/casadolivreiro.pt\/index.php\/wp-json\/wp\/v2\/media?parent=5818"}],"wp:term":[{"taxonomy":"product_cat","embeddable":true,"href":"https:\/\/casadolivreiro.pt\/index.php\/wp-json\/wp\/v2\/product_cat?post=5818"},{"taxonomy":"product_tag","embeddable":true,"href":"https:\/\/casadolivreiro.pt\/index.php\/wp-json\/wp\/v2\/product_tag?post=5818"}],"curies":[{"name":"wp","href":"https:\/\/api.w.org\/{rel}","templated":true}]}}