{"id":5792,"date":"2026-01-14T14:52:44","date_gmt":"2026-01-14T14:52:44","guid":{"rendered":"https:\/\/casadolivreiro.pt\/?post_type=product&#038;p=5792"},"modified":"2026-01-14T14:52:44","modified_gmt":"2026-01-14T14:52:44","slug":"nao-ha-solucoes-ha-caminhos-vasco-pinto-de-magalhaes-s-j","status":"publish","type":"product","link":"https:\/\/casadolivreiro.pt\/index.php\/product\/nao-ha-solucoes-ha-caminhos-vasco-pinto-de-magalhaes-s-j\/","title":{"rendered":"N\u00c3O H\u00c1 SOLU\u00c7\u00d5ES H\u00c1 CAMINHOS &#8211; Vasco Pinto de Magalh\u00e3es, s.j."},"content":{"rendered":"<p>N\u00c3O H\u00c1 SOLU\u00c7\u00d5ES H\u00c1 CAMINHOS<\/p>\n<p>Vasco Pinto de Magalh\u00e3es, s.j.<\/p>\n<p>Ano de edi\u00e7\u00e3o: 2014 (11.\u00ba edi\u00e7\u00e3o)<\/p>\n<p>Editor: Edi\u00e7\u00f5es Tenacitas, Coimbra<\/p>\n<p>Idioma: Portugu\u00eas<\/p>\n<p>Dimens\u00f5es: 14 x 1.3 x 24 cm<\/p>\n<p>Encaderna\u00e7\u00e3o: Capa mole<\/p>\n<p>P\u00e1ginas: 189<\/p>\n","protected":false},"excerpt":{"rendered":"<p>N\u00c3O H\u00c1 SOLU\u00c7\u00d5ES H\u00c1 CAMINHOS Vasco Pinto de Magalh\u00e3es, s.j. Ano de edi\u00e7\u00e3o: 2014 (11.\u00ba edi\u00e7\u00e3o) Editor: Edi\u00e7\u00f5es Tenacitas, Coimbra Idioma: Portugu\u00eas Dimens\u00f5es: 14 x 1.3 x 24 cm Encaderna\u00e7\u00e3o: Capa mole P\u00e1ginas: 189<\/p>\n","protected":false},"featured_media":5793,"comment_status":"open","ping_status":"closed","template":"","meta":{"om_disable_all_campaigns":false,"_monsterinsights_skip_tracking":false,"_monsterinsights_sitenote_active":false,"_monsterinsights_sitenote_note":"","_monsterinsights_sitenote_category":0,"_uf_show_specific_survey":0,"_uf_disable_surveys":false},"product_cat":[31,33,30],"product_tag":[],"aioseo_notices":[],"jetpack_sharing_enabled":true,"_links":{"self":[{"href":"https:\/\/casadolivreiro.pt\/index.php\/wp-json\/wp\/v2\/product\/5792"}],"collection":[{"href":"https:\/\/casadolivreiro.pt\/index.php\/wp-json\/wp\/v2\/product"}],"about":[{"href":"https:\/\/casadolivreiro.pt\/index.php\/wp-json\/wp\/v2\/types\/product"}],"replies":[{"embeddable":true,"href":"https:\/\/casadolivreiro.pt\/index.php\/wp-json\/wp\/v2\/comments?post=5792"}],"wp:featuredmedia":[{"embeddable":true,"href":"https:\/\/casadolivreiro.pt\/index.php\/wp-json\/wp\/v2\/media\/5793"}],"wp:attachment":[{"href":"https:\/\/casadolivreiro.pt\/index.php\/wp-json\/wp\/v2\/media?parent=5792"}],"wp:term":[{"taxonomy":"product_cat","embeddable":true,"href":"https:\/\/casadolivreiro.pt\/index.php\/wp-json\/wp\/v2\/product_cat?post=5792"},{"taxonomy":"product_tag","embeddable":true,"href":"https:\/\/casadolivreiro.pt\/index.php\/wp-json\/wp\/v2\/product_tag?post=5792"}],"curies":[{"name":"wp","href":"https:\/\/api.w.org\/{rel}","templated":true}]}}