{"id":5788,"date":"2026-01-14T14:45:50","date_gmt":"2026-01-14T14:45:50","guid":{"rendered":"https:\/\/casadolivreiro.pt\/?post_type=product&#038;p=5788"},"modified":"2026-01-14T14:45:50","modified_gmt":"2026-01-14T14:45:50","slug":"as-minhas-asas-flores-silvestres-maria-alice-wahnon-ferro","status":"publish","type":"product","link":"https:\/\/casadolivreiro.pt\/index.php\/product\/as-minhas-asas-flores-silvestres-maria-alice-wahnon-ferro\/","title":{"rendered":"AS MINHAS ASAS \/ FLORES SILVESTRES &#8211; Maria Alice Wahnon Ferro"},"content":{"rendered":"<p>AS MINHAS ASAS \/ FLORES SILVESTRES<\/p>\n<p>Maria Alice Wahnon Ferro<\/p>\n<p>Ano de edi\u00e7\u00e3o: 2002 (1.\u00ba edi\u00e7\u00e3o)<\/p>\n<p>Editor: Edi\u00e7\u00e3o da autora, Raynham, MA<\/p>\n<p>Idioma: Portugu\u00eas<\/p>\n<p>Dimens\u00f5es: 15.5\u00a0 x 1.5 x 23 cm<\/p>\n<p>Encaderna\u00e7\u00e3o: Capa mole<\/p>\n<p>P\u00e1ginas: 143 + 84<\/p>\n","protected":false},"excerpt":{"rendered":"<p>AS MINHAS ASAS \/ FLORES SILVESTRES Maria Alice Wahnon Ferro Ano de edi\u00e7\u00e3o: 2002 (1.\u00ba edi\u00e7\u00e3o) Editor: Edi\u00e7\u00e3o da autora, Raynham, MA Idioma: Portugu\u00eas Dimens\u00f5es: 15.5\u00a0 x 1.5 x 23 cm Encaderna\u00e7\u00e3o: Capa mole P\u00e1ginas: 143 + 84<\/p>\n","protected":false},"featured_media":5789,"comment_status":"open","ping_status":"closed","template":"","meta":{"om_disable_all_campaigns":false,"_monsterinsights_skip_tracking":false,"_monsterinsights_sitenote_active":false,"_monsterinsights_sitenote_note":"","_monsterinsights_sitenote_category":0,"_uf_show_specific_survey":0,"_uf_disable_surveys":false},"product_cat":[25,36,61],"product_tag":[],"aioseo_notices":[],"jetpack_sharing_enabled":true,"_links":{"self":[{"href":"https:\/\/casadolivreiro.pt\/index.php\/wp-json\/wp\/v2\/product\/5788"}],"collection":[{"href":"https:\/\/casadolivreiro.pt\/index.php\/wp-json\/wp\/v2\/product"}],"about":[{"href":"https:\/\/casadolivreiro.pt\/index.php\/wp-json\/wp\/v2\/types\/product"}],"replies":[{"embeddable":true,"href":"https:\/\/casadolivreiro.pt\/index.php\/wp-json\/wp\/v2\/comments?post=5788"}],"wp:featuredmedia":[{"embeddable":true,"href":"https:\/\/casadolivreiro.pt\/index.php\/wp-json\/wp\/v2\/media\/5789"}],"wp:attachment":[{"href":"https:\/\/casadolivreiro.pt\/index.php\/wp-json\/wp\/v2\/media?parent=5788"}],"wp:term":[{"taxonomy":"product_cat","embeddable":true,"href":"https:\/\/casadolivreiro.pt\/index.php\/wp-json\/wp\/v2\/product_cat?post=5788"},{"taxonomy":"product_tag","embeddable":true,"href":"https:\/\/casadolivreiro.pt\/index.php\/wp-json\/wp\/v2\/product_tag?post=5788"}],"curies":[{"name":"wp","href":"https:\/\/api.w.org\/{rel}","templated":true}]}}