{"id":5786,"date":"2026-01-14T14:39:21","date_gmt":"2026-01-14T14:39:21","guid":{"rendered":"https:\/\/casadolivreiro.pt\/?post_type=product&#038;p=5786"},"modified":"2026-01-14T14:39:21","modified_gmt":"2026-01-14T14:39:21","slug":"os-ultimos-dias-de-poncio-pilatos-paula-de-sousa-lima-2","status":"publish","type":"product","link":"https:\/\/casadolivreiro.pt\/index.php\/product\/os-ultimos-dias-de-poncio-pilatos-paula-de-sousa-lima-2\/","title":{"rendered":"OS \u00daLTIMOS DIAS DE P\u00d4NCIO PILATOS &#8211; Paula de Sousa Lima"},"content":{"rendered":"<p>OS \u00daLTIMOS DIAS DE P\u00d4NCIO PILATOS<\/p>\n<p>Paula de Sousa Lima<\/p>\n<p>Ano de edi\u00e7\u00e3o: 2011 (1.\u00ba edi\u00e7\u00e3o)<\/p>\n<p>Editor: Casa das Letras (Oficina do Livro), Lisboa<\/p>\n<p>Idioma: Portugu\u00eas<\/p>\n<p>Dimens\u00f5es: 15.5\u00a0 x 1.7 x 23.5 cm<\/p>\n<p>Encaderna\u00e7\u00e3o: Capa mole<\/p>\n<p>P\u00e1ginas: 222<\/p>\n","protected":false},"excerpt":{"rendered":"<p>OS \u00daLTIMOS DIAS DE P\u00d4NCIO PILATOS Paula de Sousa Lima Ano de edi\u00e7\u00e3o: 2011 (1.\u00ba edi\u00e7\u00e3o) Editor: Casa das Letras (Oficina do Livro), Lisboa Idioma: Portugu\u00eas Dimens\u00f5es: 15.5\u00a0 x 1.7 x 23.5 cm Encaderna\u00e7\u00e3o: Capa mole P\u00e1ginas: 222<\/p>\n","protected":false},"featured_media":5787,"comment_status":"open","ping_status":"closed","template":"","meta":{"om_disable_all_campaigns":false,"_monsterinsights_skip_tracking":false,"_monsterinsights_sitenote_active":false,"_monsterinsights_sitenote_note":"","_monsterinsights_sitenote_category":0,"_uf_show_specific_survey":0,"_uf_disable_surveys":false},"product_cat":[25,61],"product_tag":[],"aioseo_notices":[],"jetpack_sharing_enabled":true,"_links":{"self":[{"href":"https:\/\/casadolivreiro.pt\/index.php\/wp-json\/wp\/v2\/product\/5786"}],"collection":[{"href":"https:\/\/casadolivreiro.pt\/index.php\/wp-json\/wp\/v2\/product"}],"about":[{"href":"https:\/\/casadolivreiro.pt\/index.php\/wp-json\/wp\/v2\/types\/product"}],"replies":[{"embeddable":true,"href":"https:\/\/casadolivreiro.pt\/index.php\/wp-json\/wp\/v2\/comments?post=5786"}],"wp:featuredmedia":[{"embeddable":true,"href":"https:\/\/casadolivreiro.pt\/index.php\/wp-json\/wp\/v2\/media\/5787"}],"wp:attachment":[{"href":"https:\/\/casadolivreiro.pt\/index.php\/wp-json\/wp\/v2\/media?parent=5786"}],"wp:term":[{"taxonomy":"product_cat","embeddable":true,"href":"https:\/\/casadolivreiro.pt\/index.php\/wp-json\/wp\/v2\/product_cat?post=5786"},{"taxonomy":"product_tag","embeddable":true,"href":"https:\/\/casadolivreiro.pt\/index.php\/wp-json\/wp\/v2\/product_tag?post=5786"}],"curies":[{"name":"wp","href":"https:\/\/api.w.org\/{rel}","templated":true}]}}