{"id":5772,"date":"2026-01-13T20:11:15","date_gmt":"2026-01-13T20:11:15","guid":{"rendered":"https:\/\/casadolivreiro.pt\/?post_type=product&#038;p=5772"},"modified":"2026-01-13T20:11:15","modified_gmt":"2026-01-13T20:11:15","slug":"sobre-a-mao-e-outros-ensaios-joao-lobo-antunes","status":"publish","type":"product","link":"https:\/\/casadolivreiro.pt\/index.php\/product\/sobre-a-mao-e-outros-ensaios-joao-lobo-antunes\/","title":{"rendered":"SOBRE A M\u00c3O E OUTROS ENSAIOS &#8211; Jo\u00e3o Lobo Antunes"},"content":{"rendered":"<p>SOBRE A M\u00c3O E OUTROS ENSAIOS<\/p>\n<p>Jo\u00e3o Lobo Antunes<\/p>\n<p>Ano de edi\u00e7\u00e3o: 2005 (1.\u00ba edi\u00e7\u00e3o)<\/p>\n<p>Editor: Gradiva, Lisboa<\/p>\n<p>Idioma: Portugu\u00eas<\/p>\n<p>Dimens\u00f5es: 14.8\u00a0 x 1.4 x 22.2 cm<\/p>\n<p>Encaderna\u00e7\u00e3o: Capa mole<\/p>\n<p>P\u00e1ginas: 254<\/p>\n","protected":false},"excerpt":{"rendered":"<p>SOBRE A M\u00c3O E OUTROS ENSAIOS Jo\u00e3o Lobo Antunes Ano de edi\u00e7\u00e3o: 2005 (1.\u00ba edi\u00e7\u00e3o) Editor: Gradiva, Lisboa Idioma: Portugu\u00eas Dimens\u00f5es: 14.8\u00a0 x 1.4 x 22.2 cm Encaderna\u00e7\u00e3o: Capa mole P\u00e1ginas: 254<\/p>\n","protected":false},"featured_media":5773,"comment_status":"open","ping_status":"closed","template":"","meta":{"om_disable_all_campaigns":false,"_monsterinsights_skip_tracking":false,"_monsterinsights_sitenote_active":false,"_monsterinsights_sitenote_note":"","_monsterinsights_sitenote_category":0,"_uf_show_specific_survey":0,"_uf_disable_surveys":false},"product_cat":[31,47,30,25,61],"product_tag":[],"aioseo_notices":[],"jetpack_sharing_enabled":true,"_links":{"self":[{"href":"https:\/\/casadolivreiro.pt\/index.php\/wp-json\/wp\/v2\/product\/5772"}],"collection":[{"href":"https:\/\/casadolivreiro.pt\/index.php\/wp-json\/wp\/v2\/product"}],"about":[{"href":"https:\/\/casadolivreiro.pt\/index.php\/wp-json\/wp\/v2\/types\/product"}],"replies":[{"embeddable":true,"href":"https:\/\/casadolivreiro.pt\/index.php\/wp-json\/wp\/v2\/comments?post=5772"}],"wp:featuredmedia":[{"embeddable":true,"href":"https:\/\/casadolivreiro.pt\/index.php\/wp-json\/wp\/v2\/media\/5773"}],"wp:attachment":[{"href":"https:\/\/casadolivreiro.pt\/index.php\/wp-json\/wp\/v2\/media?parent=5772"}],"wp:term":[{"taxonomy":"product_cat","embeddable":true,"href":"https:\/\/casadolivreiro.pt\/index.php\/wp-json\/wp\/v2\/product_cat?post=5772"},{"taxonomy":"product_tag","embeddable":true,"href":"https:\/\/casadolivreiro.pt\/index.php\/wp-json\/wp\/v2\/product_tag?post=5772"}],"curies":[{"name":"wp","href":"https:\/\/api.w.org\/{rel}","templated":true}]}}