{"id":5770,"date":"2026-01-13T20:08:04","date_gmt":"2026-01-13T20:08:04","guid":{"rendered":"https:\/\/casadolivreiro.pt\/?post_type=product&#038;p=5770"},"modified":"2026-01-13T20:08:05","modified_gmt":"2026-01-13T20:08:05","slug":"os-contos-de-fajao-p-a-nunes-pereira","status":"publish","type":"product","link":"https:\/\/casadolivreiro.pt\/index.php\/product\/os-contos-de-fajao-p-a-nunes-pereira\/","title":{"rendered":"OS CONTOS DE FAJ\u00c3O &#8211; P. A. Nunes Pereira"},"content":{"rendered":"<p>OS CONTOS DE FAJ\u00c3O<\/p>\n<p>P. A. Nunes Pereira<\/p>\n<p>Ano de edi\u00e7\u00e3o: 2000 (2.\u00ba edi\u00e7\u00e3o)<\/p>\n<p>Editor: Junta de Fregusia de Faj\u00e3o<\/p>\n<p>Idioma: Portugu\u00eas<\/p>\n<p>Dimens\u00f5es: 17\u00a0 x 0.8 x 24 cm<\/p>\n<p>Encaderna\u00e7\u00e3o: Capa mole<\/p>\n<p>P\u00e1ginas: 111<\/p>\n","protected":false},"excerpt":{"rendered":"<p>OS CONTOS DE FAJ\u00c3O P. A. Nunes Pereira Ano de edi\u00e7\u00e3o: 2000 (2.\u00ba edi\u00e7\u00e3o) Editor: Junta de Fregusia de Faj\u00e3o Idioma: Portugu\u00eas Dimens\u00f5es: 17\u00a0 x 0.8 x 24 cm Encaderna\u00e7\u00e3o: Capa mole P\u00e1ginas: 111<\/p>\n","protected":false},"featured_media":5771,"comment_status":"open","ping_status":"closed","template":"","meta":{"om_disable_all_campaigns":false,"_monsterinsights_skip_tracking":false,"_monsterinsights_sitenote_active":false,"_monsterinsights_sitenote_note":"","_monsterinsights_sitenote_category":0,"_uf_show_specific_survey":0,"_uf_disable_surveys":false},"product_cat":[25],"product_tag":[],"aioseo_notices":[],"jetpack_sharing_enabled":true,"_links":{"self":[{"href":"https:\/\/casadolivreiro.pt\/index.php\/wp-json\/wp\/v2\/product\/5770"}],"collection":[{"href":"https:\/\/casadolivreiro.pt\/index.php\/wp-json\/wp\/v2\/product"}],"about":[{"href":"https:\/\/casadolivreiro.pt\/index.php\/wp-json\/wp\/v2\/types\/product"}],"replies":[{"embeddable":true,"href":"https:\/\/casadolivreiro.pt\/index.php\/wp-json\/wp\/v2\/comments?post=5770"}],"wp:featuredmedia":[{"embeddable":true,"href":"https:\/\/casadolivreiro.pt\/index.php\/wp-json\/wp\/v2\/media\/5771"}],"wp:attachment":[{"href":"https:\/\/casadolivreiro.pt\/index.php\/wp-json\/wp\/v2\/media?parent=5770"}],"wp:term":[{"taxonomy":"product_cat","embeddable":true,"href":"https:\/\/casadolivreiro.pt\/index.php\/wp-json\/wp\/v2\/product_cat?post=5770"},{"taxonomy":"product_tag","embeddable":true,"href":"https:\/\/casadolivreiro.pt\/index.php\/wp-json\/wp\/v2\/product_tag?post=5770"}],"curies":[{"name":"wp","href":"https:\/\/api.w.org\/{rel}","templated":true}]}}