{"id":5768,"date":"2026-01-13T20:04:51","date_gmt":"2026-01-13T20:04:51","guid":{"rendered":"https:\/\/casadolivreiro.pt\/?post_type=product&#038;p=5768"},"modified":"2026-01-13T20:04:52","modified_gmt":"2026-01-13T20:04:52","slug":"um-metro-de-vida-nuno-gomes-dos-santos","status":"publish","type":"product","link":"https:\/\/casadolivreiro.pt\/index.php\/product\/um-metro-de-vida-nuno-gomes-dos-santos\/","title":{"rendered":"UM METRO DE VIDA &#8211; Nuno Gomes dos Santos"},"content":{"rendered":"<p>UM METRO DE VIDA<\/p>\n<p>Nuno Gomes dos Santos<\/p>\n<p>Ano de edi\u00e7\u00e3o: 2004 (1.\u00ba edi\u00e7\u00e3o)<\/p>\n<p>Editor: Hugin Editores, Lisboa<\/p>\n<p>Idioma: Portugu\u00eas<\/p>\n<p>Dimens\u00f5es: 15\u00a0 x 0.7 x 23 cm<\/p>\n<p>Encaderna\u00e7\u00e3o: Capa mole<\/p>\n<p>P\u00e1ginas: 74<\/p>\n","protected":false},"excerpt":{"rendered":"<p>UM METRO DE VIDA Nuno Gomes dos Santos Ano de edi\u00e7\u00e3o: 2004 (1.\u00ba edi\u00e7\u00e3o) Editor: Hugin Editores, Lisboa Idioma: Portugu\u00eas Dimens\u00f5es: 15\u00a0 x 0.7 x 23 cm Encaderna\u00e7\u00e3o: Capa mole P\u00e1ginas: 74<\/p>\n","protected":false},"featured_media":5769,"comment_status":"open","ping_status":"closed","template":"","meta":{"om_disable_all_campaigns":false,"_monsterinsights_skip_tracking":false,"_monsterinsights_sitenote_active":false,"_monsterinsights_sitenote_note":"","_monsterinsights_sitenote_category":0,"_uf_show_specific_survey":0,"_uf_disable_surveys":false},"product_cat":[25,61],"product_tag":[],"aioseo_notices":[],"jetpack_sharing_enabled":true,"_links":{"self":[{"href":"https:\/\/casadolivreiro.pt\/index.php\/wp-json\/wp\/v2\/product\/5768"}],"collection":[{"href":"https:\/\/casadolivreiro.pt\/index.php\/wp-json\/wp\/v2\/product"}],"about":[{"href":"https:\/\/casadolivreiro.pt\/index.php\/wp-json\/wp\/v2\/types\/product"}],"replies":[{"embeddable":true,"href":"https:\/\/casadolivreiro.pt\/index.php\/wp-json\/wp\/v2\/comments?post=5768"}],"wp:featuredmedia":[{"embeddable":true,"href":"https:\/\/casadolivreiro.pt\/index.php\/wp-json\/wp\/v2\/media\/5769"}],"wp:attachment":[{"href":"https:\/\/casadolivreiro.pt\/index.php\/wp-json\/wp\/v2\/media?parent=5768"}],"wp:term":[{"taxonomy":"product_cat","embeddable":true,"href":"https:\/\/casadolivreiro.pt\/index.php\/wp-json\/wp\/v2\/product_cat?post=5768"},{"taxonomy":"product_tag","embeddable":true,"href":"https:\/\/casadolivreiro.pt\/index.php\/wp-json\/wp\/v2\/product_tag?post=5768"}],"curies":[{"name":"wp","href":"https:\/\/api.w.org\/{rel}","templated":true}]}}