{"id":5766,"date":"2026-01-13T20:01:45","date_gmt":"2026-01-13T20:01:45","guid":{"rendered":"https:\/\/casadolivreiro.pt\/?post_type=product&#038;p=5766"},"modified":"2026-01-13T20:01:45","modified_gmt":"2026-01-13T20:01:45","slug":"na-ausencia-de-blanca-antonio-munos-molina","status":"publish","type":"product","link":"https:\/\/casadolivreiro.pt\/index.php\/product\/na-ausencia-de-blanca-antonio-munos-molina\/","title":{"rendered":"NA AUS\u00caNCIA DE BLANCA &#8211; Antonio Mu\u00f1os Molina"},"content":{"rendered":"<p>NA AUS\u00caNCIA DE BLANCA<\/p>\n<p>Antonio Mu\u00f1os Molina<\/p>\n<p>Tradu\u00e7\u00e3o de Orlando Neves<\/p>\n<p>Ano de edi\u00e7\u00e3o: 2002 (1.\u00ba edi\u00e7\u00e3o)<\/p>\n<p>Editor: Editorial Noticias, Lisboa<\/p>\n<p>Idioma: Portugu\u00eas<\/p>\n<p>Dimens\u00f5es: 15\u00a0 x 0.8 x 23 cm<\/p>\n<p>Encaderna\u00e7\u00e3o: Capa mole<\/p>\n<p>P\u00e1ginas: 84<\/p>\n","protected":false},"excerpt":{"rendered":"<p>NA AUS\u00caNCIA DE BLANCA Antonio Mu\u00f1os Molina Tradu\u00e7\u00e3o de Orlando Neves Ano de edi\u00e7\u00e3o: 2002 (1.\u00ba edi\u00e7\u00e3o) Editor: Editorial Noticias, Lisboa Idioma: Portugu\u00eas Dimens\u00f5es: 15\u00a0 x 0.8 x 23 cm Encaderna\u00e7\u00e3o: Capa mole P\u00e1ginas: 84<\/p>\n","protected":false},"featured_media":5767,"comment_status":"open","ping_status":"closed","template":"","meta":{"om_disable_all_campaigns":false,"_monsterinsights_skip_tracking":false,"_monsterinsights_sitenote_active":false,"_monsterinsights_sitenote_note":"","_monsterinsights_sitenote_category":0,"_uf_show_specific_survey":0,"_uf_disable_surveys":false},"product_cat":[26,61],"product_tag":[],"aioseo_notices":[],"jetpack_sharing_enabled":true,"_links":{"self":[{"href":"https:\/\/casadolivreiro.pt\/index.php\/wp-json\/wp\/v2\/product\/5766"}],"collection":[{"href":"https:\/\/casadolivreiro.pt\/index.php\/wp-json\/wp\/v2\/product"}],"about":[{"href":"https:\/\/casadolivreiro.pt\/index.php\/wp-json\/wp\/v2\/types\/product"}],"replies":[{"embeddable":true,"href":"https:\/\/casadolivreiro.pt\/index.php\/wp-json\/wp\/v2\/comments?post=5766"}],"wp:featuredmedia":[{"embeddable":true,"href":"https:\/\/casadolivreiro.pt\/index.php\/wp-json\/wp\/v2\/media\/5767"}],"wp:attachment":[{"href":"https:\/\/casadolivreiro.pt\/index.php\/wp-json\/wp\/v2\/media?parent=5766"}],"wp:term":[{"taxonomy":"product_cat","embeddable":true,"href":"https:\/\/casadolivreiro.pt\/index.php\/wp-json\/wp\/v2\/product_cat?post=5766"},{"taxonomy":"product_tag","embeddable":true,"href":"https:\/\/casadolivreiro.pt\/index.php\/wp-json\/wp\/v2\/product_tag?post=5766"}],"curies":[{"name":"wp","href":"https:\/\/api.w.org\/{rel}","templated":true}]}}