{"id":5760,"date":"2026-01-13T19:53:28","date_gmt":"2026-01-13T19:53:28","guid":{"rendered":"https:\/\/casadolivreiro.pt\/?post_type=product&#038;p=5760"},"modified":"2026-01-13T19:53:28","modified_gmt":"2026-01-13T19:53:28","slug":"manoel-e-o-espectro-do-casarao-luzana-garcia-pereira","status":"publish","type":"product","link":"https:\/\/casadolivreiro.pt\/index.php\/product\/manoel-e-o-espectro-do-casarao-luzana-garcia-pereira\/","title":{"rendered":"MANOEL E O ESPECTRO DO CASAR\u00c3O &#8211; Luzana Garcia Pereira"},"content":{"rendered":"<p>MANOEL E O ESPECTRO DO CASAR\u00c3O<\/p>\n<p>Luzana Garcia Pereira<\/p>\n<p>Ano de edi\u00e7\u00e3o: 2013<\/p>\n<p>Editor: Chiado Editora, Lisboa<\/p>\n<p>Idioma: Portugu\u00eas<\/p>\n<p>Dimens\u00f5es: 14\u00a0 x 2.7 x 22 cm<\/p>\n<p>Encaderna\u00e7\u00e3o: Capa mole<\/p>\n<p>P\u00e1ginas: 347<\/p>\n","protected":false},"excerpt":{"rendered":"<p>MANOEL E O ESPECTRO DO CASAR\u00c3O Luzana Garcia Pereira Ano de edi\u00e7\u00e3o: 2013 Editor: Chiado Editora, Lisboa Idioma: Portugu\u00eas Dimens\u00f5es: 14\u00a0 x 2.7 x 22 cm Encaderna\u00e7\u00e3o: Capa mole P\u00e1ginas: 347<\/p>\n","protected":false},"featured_media":5761,"comment_status":"open","ping_status":"closed","template":"","meta":{"om_disable_all_campaigns":false,"_monsterinsights_skip_tracking":false,"_monsterinsights_sitenote_active":false,"_monsterinsights_sitenote_note":"","_monsterinsights_sitenote_category":0,"_uf_show_specific_survey":0,"_uf_disable_surveys":false},"product_cat":[34,25],"product_tag":[],"aioseo_notices":[],"jetpack_sharing_enabled":true,"_links":{"self":[{"href":"https:\/\/casadolivreiro.pt\/index.php\/wp-json\/wp\/v2\/product\/5760"}],"collection":[{"href":"https:\/\/casadolivreiro.pt\/index.php\/wp-json\/wp\/v2\/product"}],"about":[{"href":"https:\/\/casadolivreiro.pt\/index.php\/wp-json\/wp\/v2\/types\/product"}],"replies":[{"embeddable":true,"href":"https:\/\/casadolivreiro.pt\/index.php\/wp-json\/wp\/v2\/comments?post=5760"}],"wp:featuredmedia":[{"embeddable":true,"href":"https:\/\/casadolivreiro.pt\/index.php\/wp-json\/wp\/v2\/media\/5761"}],"wp:attachment":[{"href":"https:\/\/casadolivreiro.pt\/index.php\/wp-json\/wp\/v2\/media?parent=5760"}],"wp:term":[{"taxonomy":"product_cat","embeddable":true,"href":"https:\/\/casadolivreiro.pt\/index.php\/wp-json\/wp\/v2\/product_cat?post=5760"},{"taxonomy":"product_tag","embeddable":true,"href":"https:\/\/casadolivreiro.pt\/index.php\/wp-json\/wp\/v2\/product_tag?post=5760"}],"curies":[{"name":"wp","href":"https:\/\/api.w.org\/{rel}","templated":true}]}}