{"id":5758,"date":"2026-01-13T19:50:48","date_gmt":"2026-01-13T19:50:48","guid":{"rendered":"https:\/\/casadolivreiro.pt\/?post_type=product&#038;p=5758"},"modified":"2026-01-13T19:50:49","modified_gmt":"2026-01-13T19:50:49","slug":"o-querubim-azul-rui-g-guedes","status":"publish","type":"product","link":"https:\/\/casadolivreiro.pt\/index.php\/product\/o-querubim-azul-rui-g-guedes\/","title":{"rendered":"O QUERUBIM AZUL &#8211; Rui G. Guedes"},"content":{"rendered":"<p>O QUERUBIM AZUL<\/p>\n<p>Rui G. Guedes<\/p>\n<p>Ano de edi\u00e7\u00e3o: 2011<\/p>\n<p>Editor: Papiro Editora, Porto<\/p>\n<p>Idioma: Portugu\u00eas<\/p>\n<p>Dimens\u00f5es: 15\u00a0 x 1.5 x 23 cm<\/p>\n<p>Encaderna\u00e7\u00e3o: Capa mole<\/p>\n<p>P\u00e1ginas: 251<\/p>\n","protected":false},"excerpt":{"rendered":"<p>O QUERUBIM AZUL Rui G. Guedes Ano de edi\u00e7\u00e3o: 2011 Editor: Papiro Editora, Porto Idioma: Portugu\u00eas Dimens\u00f5es: 15\u00a0 x 1.5 x 23 cm Encaderna\u00e7\u00e3o: Capa mole P\u00e1ginas: 251<\/p>\n","protected":false},"featured_media":5759,"comment_status":"open","ping_status":"closed","template":"","meta":{"om_disable_all_campaigns":false,"_monsterinsights_skip_tracking":false,"_monsterinsights_sitenote_active":false,"_monsterinsights_sitenote_note":"","_monsterinsights_sitenote_category":0,"_uf_show_specific_survey":0,"_uf_disable_surveys":false},"product_cat":[25],"product_tag":[],"aioseo_notices":[],"jetpack_sharing_enabled":true,"_links":{"self":[{"href":"https:\/\/casadolivreiro.pt\/index.php\/wp-json\/wp\/v2\/product\/5758"}],"collection":[{"href":"https:\/\/casadolivreiro.pt\/index.php\/wp-json\/wp\/v2\/product"}],"about":[{"href":"https:\/\/casadolivreiro.pt\/index.php\/wp-json\/wp\/v2\/types\/product"}],"replies":[{"embeddable":true,"href":"https:\/\/casadolivreiro.pt\/index.php\/wp-json\/wp\/v2\/comments?post=5758"}],"wp:featuredmedia":[{"embeddable":true,"href":"https:\/\/casadolivreiro.pt\/index.php\/wp-json\/wp\/v2\/media\/5759"}],"wp:attachment":[{"href":"https:\/\/casadolivreiro.pt\/index.php\/wp-json\/wp\/v2\/media?parent=5758"}],"wp:term":[{"taxonomy":"product_cat","embeddable":true,"href":"https:\/\/casadolivreiro.pt\/index.php\/wp-json\/wp\/v2\/product_cat?post=5758"},{"taxonomy":"product_tag","embeddable":true,"href":"https:\/\/casadolivreiro.pt\/index.php\/wp-json\/wp\/v2\/product_tag?post=5758"}],"curies":[{"name":"wp","href":"https:\/\/api.w.org\/{rel}","templated":true}]}}