{"id":5746,"date":"2026-01-13T19:33:06","date_gmt":"2026-01-13T19:33:06","guid":{"rendered":"https:\/\/casadolivreiro.pt\/?post_type=product&#038;p=5746"},"modified":"2026-01-13T19:33:07","modified_gmt":"2026-01-13T19:33:07","slug":"irlanda-espido-freire","status":"publish","type":"product","link":"https:\/\/casadolivreiro.pt\/index.php\/product\/irlanda-espido-freire\/","title":{"rendered":"IRLANDA Espido Freire"},"content":{"rendered":"<p>Tradu\u00e7\u00e3o de Maria Bragan\u00e7a<\/p>\n<p>Ano de edi\u00e7\u00e3o: 2000 (1.\u00ba edi\u00e7\u00e3o)<\/p>\n<p>Editor: Dom Quixote, Lisboa<\/p>\n<p>Idioma: Portugu\u00eas<\/p>\n<p>Dimens\u00f5es: 15.5\u00a0 x 0.8 x 23.5 cm<\/p>\n<p>Encaderna\u00e7\u00e3o: Capa mole<\/p>\n<p>P\u00e1ginas: 140<\/p>\n","protected":false},"excerpt":{"rendered":"<p>Tradu\u00e7\u00e3o de Maria Bragan\u00e7a Ano de edi\u00e7\u00e3o: 2000 (1.\u00ba edi\u00e7\u00e3o) Editor: Dom Quixote, Lisboa Idioma: Portugu\u00eas Dimens\u00f5es: 15.5\u00a0 x 0.8 x 23.5 cm Encaderna\u00e7\u00e3o: Capa mole P\u00e1ginas: 140<\/p>\n","protected":false},"featured_media":5747,"comment_status":"open","ping_status":"closed","template":"","meta":{"om_disable_all_campaigns":false,"_monsterinsights_skip_tracking":false,"_monsterinsights_sitenote_active":false,"_monsterinsights_sitenote_note":"","_monsterinsights_sitenote_category":0,"_uf_show_specific_survey":0,"_uf_disable_surveys":false},"product_cat":[26],"product_tag":[],"aioseo_notices":[],"jetpack_sharing_enabled":true,"_links":{"self":[{"href":"https:\/\/casadolivreiro.pt\/index.php\/wp-json\/wp\/v2\/product\/5746"}],"collection":[{"href":"https:\/\/casadolivreiro.pt\/index.php\/wp-json\/wp\/v2\/product"}],"about":[{"href":"https:\/\/casadolivreiro.pt\/index.php\/wp-json\/wp\/v2\/types\/product"}],"replies":[{"embeddable":true,"href":"https:\/\/casadolivreiro.pt\/index.php\/wp-json\/wp\/v2\/comments?post=5746"}],"wp:featuredmedia":[{"embeddable":true,"href":"https:\/\/casadolivreiro.pt\/index.php\/wp-json\/wp\/v2\/media\/5747"}],"wp:attachment":[{"href":"https:\/\/casadolivreiro.pt\/index.php\/wp-json\/wp\/v2\/media?parent=5746"}],"wp:term":[{"taxonomy":"product_cat","embeddable":true,"href":"https:\/\/casadolivreiro.pt\/index.php\/wp-json\/wp\/v2\/product_cat?post=5746"},{"taxonomy":"product_tag","embeddable":true,"href":"https:\/\/casadolivreiro.pt\/index.php\/wp-json\/wp\/v2\/product_tag?post=5746"}],"curies":[{"name":"wp","href":"https:\/\/api.w.org\/{rel}","templated":true}]}}