{"id":5729,"date":"2026-01-12T19:33:11","date_gmt":"2026-01-12T19:33:11","guid":{"rendered":"https:\/\/casadolivreiro.pt\/?post_type=product&#038;p=5729"},"modified":"2026-01-12T19:33:11","modified_gmt":"2026-01-12T19:33:11","slug":"os-nos-e-os-lacos-antonio-alcada-baptista","status":"publish","type":"product","link":"https:\/\/casadolivreiro.pt\/index.php\/product\/os-nos-e-os-lacos-antonio-alcada-baptista\/","title":{"rendered":"OS N\u00d3S E OS LA\u00c7OS &#8211; Ant\u00f3nio Al\u00e7ada Baptista"},"content":{"rendered":"<p>OS N\u00d3S E OS LA\u00c7OS<\/p>\n<p>Ant\u00f3nio Al\u00e7ada Baptista<\/p>\n<p>Ano de edi\u00e7\u00e3o: 1985 (2.\u00aa edi\u00e7\u00e3o)<\/p>\n<p>Editor: Editorial Presen\u00e7a, Lisboa<\/p>\n<p>Idioma: Portugu\u00eas<\/p>\n<p>Dimens\u00f5es: 15.5\u00a0 x 1.6 x 22.5 cm<\/p>\n<p>Encaderna\u00e7\u00e3o: Capa mole<\/p>\n<p>P\u00e1ginas: 283<\/p>\n","protected":false},"excerpt":{"rendered":"<p>OS N\u00d3S E OS LA\u00c7OS Ant\u00f3nio Al\u00e7ada Baptista Ano de edi\u00e7\u00e3o: 1985 (2.\u00aa edi\u00e7\u00e3o) Editor: Editorial Presen\u00e7a, Lisboa Idioma: Portugu\u00eas Dimens\u00f5es: 15.5\u00a0 x 1.6 x 22.5 cm Encaderna\u00e7\u00e3o: Capa mole P\u00e1ginas: 283<\/p>\n","protected":false},"featured_media":5730,"comment_status":"open","ping_status":"closed","template":"","meta":{"om_disable_all_campaigns":false,"_monsterinsights_skip_tracking":false,"_monsterinsights_sitenote_active":false,"_monsterinsights_sitenote_note":"","_monsterinsights_sitenote_category":0,"_uf_show_specific_survey":0,"_uf_disable_surveys":false},"product_cat":[25],"product_tag":[],"aioseo_notices":[],"jetpack_sharing_enabled":true,"_links":{"self":[{"href":"https:\/\/casadolivreiro.pt\/index.php\/wp-json\/wp\/v2\/product\/5729"}],"collection":[{"href":"https:\/\/casadolivreiro.pt\/index.php\/wp-json\/wp\/v2\/product"}],"about":[{"href":"https:\/\/casadolivreiro.pt\/index.php\/wp-json\/wp\/v2\/types\/product"}],"replies":[{"embeddable":true,"href":"https:\/\/casadolivreiro.pt\/index.php\/wp-json\/wp\/v2\/comments?post=5729"}],"wp:featuredmedia":[{"embeddable":true,"href":"https:\/\/casadolivreiro.pt\/index.php\/wp-json\/wp\/v2\/media\/5730"}],"wp:attachment":[{"href":"https:\/\/casadolivreiro.pt\/index.php\/wp-json\/wp\/v2\/media?parent=5729"}],"wp:term":[{"taxonomy":"product_cat","embeddable":true,"href":"https:\/\/casadolivreiro.pt\/index.php\/wp-json\/wp\/v2\/product_cat?post=5729"},{"taxonomy":"product_tag","embeddable":true,"href":"https:\/\/casadolivreiro.pt\/index.php\/wp-json\/wp\/v2\/product_tag?post=5729"}],"curies":[{"name":"wp","href":"https:\/\/api.w.org\/{rel}","templated":true}]}}