{"id":5727,"date":"2026-01-12T19:28:49","date_gmt":"2026-01-12T19:28:49","guid":{"rendered":"https:\/\/casadolivreiro.pt\/?post_type=product&#038;p=5727"},"modified":"2026-01-12T19:28:49","modified_gmt":"2026-01-12T19:28:49","slug":"o-gato-do-campo-pequeno-manuel-da-zica","status":"publish","type":"product","link":"https:\/\/casadolivreiro.pt\/index.php\/product\/o-gato-do-campo-pequeno-manuel-da-zica\/","title":{"rendered":"O GATO DO CAMPO PEQUENO &#8211; Manuel da Zica"},"content":{"rendered":"<p>O GATO DO CAMPO PEQUENO<\/p>\n<p>Manuel da Zica<\/p>\n<p>Ano de edi\u00e7\u00e3o: 2002 (1.\u00aa edi\u00e7\u00e3o)<\/p>\n<p>Editor: Garrido Editores, Alpiar\u00e7a<\/p>\n<p>Idioma: Portugu\u00eas<\/p>\n<p>Dimens\u00f5es: 14.5\u00a0 x 1.3 x 20.5 cm<\/p>\n<p>Encaderna\u00e7\u00e3o: Capa mole<\/p>\n<p>P\u00e1ginas: 228<\/p>\n","protected":false},"excerpt":{"rendered":"<p>O GATO DO CAMPO PEQUENO Manuel da Zica Ano de edi\u00e7\u00e3o: 2002 (1.\u00aa edi\u00e7\u00e3o) Editor: Garrido Editores, Alpiar\u00e7a Idioma: Portugu\u00eas Dimens\u00f5es: 14.5\u00a0 x 1.3 x 20.5 cm Encaderna\u00e7\u00e3o: Capa mole P\u00e1ginas: 228<\/p>\n","protected":false},"featured_media":5728,"comment_status":"open","ping_status":"closed","template":"","meta":{"om_disable_all_campaigns":false,"_monsterinsights_skip_tracking":false,"_monsterinsights_sitenote_active":false,"_monsterinsights_sitenote_note":"","_monsterinsights_sitenote_category":0,"_uf_show_specific_survey":0,"_uf_disable_surveys":false},"product_cat":[25,61],"product_tag":[],"aioseo_notices":[],"jetpack_sharing_enabled":true,"_links":{"self":[{"href":"https:\/\/casadolivreiro.pt\/index.php\/wp-json\/wp\/v2\/product\/5727"}],"collection":[{"href":"https:\/\/casadolivreiro.pt\/index.php\/wp-json\/wp\/v2\/product"}],"about":[{"href":"https:\/\/casadolivreiro.pt\/index.php\/wp-json\/wp\/v2\/types\/product"}],"replies":[{"embeddable":true,"href":"https:\/\/casadolivreiro.pt\/index.php\/wp-json\/wp\/v2\/comments?post=5727"}],"wp:featuredmedia":[{"embeddable":true,"href":"https:\/\/casadolivreiro.pt\/index.php\/wp-json\/wp\/v2\/media\/5728"}],"wp:attachment":[{"href":"https:\/\/casadolivreiro.pt\/index.php\/wp-json\/wp\/v2\/media?parent=5727"}],"wp:term":[{"taxonomy":"product_cat","embeddable":true,"href":"https:\/\/casadolivreiro.pt\/index.php\/wp-json\/wp\/v2\/product_cat?post=5727"},{"taxonomy":"product_tag","embeddable":true,"href":"https:\/\/casadolivreiro.pt\/index.php\/wp-json\/wp\/v2\/product_tag?post=5727"}],"curies":[{"name":"wp","href":"https:\/\/api.w.org\/{rel}","templated":true}]}}