{"id":5722,"date":"2026-01-12T19:20:05","date_gmt":"2026-01-12T19:20:05","guid":{"rendered":"https:\/\/casadolivreiro.pt\/?post_type=product&#038;p=5722"},"modified":"2026-01-12T19:20:05","modified_gmt":"2026-01-12T19:20:05","slug":"tambem-ha-finais-felizes-fernanda-serrano","status":"publish","type":"product","link":"https:\/\/casadolivreiro.pt\/index.php\/product\/tambem-ha-finais-felizes-fernanda-serrano\/","title":{"rendered":"TAMB\u00c9M H\u00c1 FINAIS FELIZES &#8211; Fernanda Serrano"},"content":{"rendered":"<p>TAMB\u00c9M H\u00c1 FINAIS FELIZES<\/p>\n<p>Fernanda Serrano<\/p>\n<p>Ano de edi\u00e7\u00e3o: 2013<\/p>\n<p>Editor: Oficina do Livro, Lisboa<\/p>\n<p>Idioma: Portugu\u00eas<\/p>\n<p>Dimens\u00f5es: 15.8\u00a0 x 2 x 23.5 cm<\/p>\n<p>Encaderna\u00e7\u00e3o: Capa mole<\/p>\n<p>P\u00e1ginas: 244<\/p>\n","protected":false},"excerpt":{"rendered":"<p>TAMB\u00c9M H\u00c1 FINAIS FELIZES Fernanda Serrano Ano de edi\u00e7\u00e3o: 2013 Editor: Oficina do Livro, Lisboa Idioma: Portugu\u00eas Dimens\u00f5es: 15.8\u00a0 x 2 x 23.5 cm Encaderna\u00e7\u00e3o: Capa mole P\u00e1ginas: 244<\/p>\n","protected":false},"featured_media":5723,"comment_status":"open","ping_status":"closed","template":"","meta":{"om_disable_all_campaigns":false,"_monsterinsights_skip_tracking":false,"_monsterinsights_sitenote_active":false,"_monsterinsights_sitenote_note":"","_monsterinsights_sitenote_category":0,"_uf_show_specific_survey":0,"_uf_disable_surveys":false},"product_cat":[63],"product_tag":[],"aioseo_notices":[],"jetpack_sharing_enabled":true,"_links":{"self":[{"href":"https:\/\/casadolivreiro.pt\/index.php\/wp-json\/wp\/v2\/product\/5722"}],"collection":[{"href":"https:\/\/casadolivreiro.pt\/index.php\/wp-json\/wp\/v2\/product"}],"about":[{"href":"https:\/\/casadolivreiro.pt\/index.php\/wp-json\/wp\/v2\/types\/product"}],"replies":[{"embeddable":true,"href":"https:\/\/casadolivreiro.pt\/index.php\/wp-json\/wp\/v2\/comments?post=5722"}],"wp:featuredmedia":[{"embeddable":true,"href":"https:\/\/casadolivreiro.pt\/index.php\/wp-json\/wp\/v2\/media\/5723"}],"wp:attachment":[{"href":"https:\/\/casadolivreiro.pt\/index.php\/wp-json\/wp\/v2\/media?parent=5722"}],"wp:term":[{"taxonomy":"product_cat","embeddable":true,"href":"https:\/\/casadolivreiro.pt\/index.php\/wp-json\/wp\/v2\/product_cat?post=5722"},{"taxonomy":"product_tag","embeddable":true,"href":"https:\/\/casadolivreiro.pt\/index.php\/wp-json\/wp\/v2\/product_tag?post=5722"}],"curies":[{"name":"wp","href":"https:\/\/api.w.org\/{rel}","templated":true}]}}