{"id":5719,"date":"2026-01-12T19:16:48","date_gmt":"2026-01-12T19:16:48","guid":{"rendered":"https:\/\/casadolivreiro.pt\/?post_type=product&#038;p=5719"},"modified":"2026-01-12T19:16:48","modified_gmt":"2026-01-12T19:16:48","slug":"ninguem-e-neutro-de-nova-iorque-a-bagdade-jose-manuel-fernandes","status":"publish","type":"product","link":"https:\/\/casadolivreiro.pt\/index.php\/product\/ninguem-e-neutro-de-nova-iorque-a-bagdade-jose-manuel-fernandes\/","title":{"rendered":"NINGU\u00c9M \u00c9 NEUTRO: De Nova Iorque a Bagdade  &#8211; Jos\u00e9 Manuel Fernandes"},"content":{"rendered":"<p>NINGU\u00c9M \u00c9 NEUTRO: De Nova Iorque a Bagdade<\/p>\n<p>Jos\u00e9 Manuel Fernandes<\/p>\n<p>Ano de edi\u00e7\u00e3o: 2003 (1.\u00aa edi\u00e7\u00e3o)<\/p>\n<p>Editor: Quetzal\u00a0 Editores, Lisboa<\/p>\n<p>Idioma: Portugu\u00eas<\/p>\n<p>Dimens\u00f5es: 13\u00a0 x 2.2 x 23 cm<\/p>\n<p>Encaderna\u00e7\u00e3o: Capa mole<\/p>\n<p>P\u00e1ginas: 382<\/p>\n","protected":false},"excerpt":{"rendered":"<p>NINGU\u00c9M \u00c9 NEUTRO: De Nova Iorque a Bagdade Jos\u00e9 Manuel Fernandes Ano de edi\u00e7\u00e3o: 2003 (1.\u00aa edi\u00e7\u00e3o) Editor: Quetzal\u00a0 Editores, Lisboa Idioma: Portugu\u00eas Dimens\u00f5es: 13\u00a0 x 2.2 x 23 cm Encaderna\u00e7\u00e3o: Capa mole P\u00e1ginas: 382<\/p>\n","protected":false},"featured_media":5721,"comment_status":"open","ping_status":"closed","template":"","meta":{"om_disable_all_campaigns":false,"_monsterinsights_skip_tracking":false,"_monsterinsights_sitenote_active":false,"_monsterinsights_sitenote_note":"","_monsterinsights_sitenote_category":0,"_uf_show_specific_survey":0,"_uf_disable_surveys":false},"product_cat":[36,61,39],"product_tag":[],"aioseo_notices":[],"jetpack_sharing_enabled":true,"_links":{"self":[{"href":"https:\/\/casadolivreiro.pt\/index.php\/wp-json\/wp\/v2\/product\/5719"}],"collection":[{"href":"https:\/\/casadolivreiro.pt\/index.php\/wp-json\/wp\/v2\/product"}],"about":[{"href":"https:\/\/casadolivreiro.pt\/index.php\/wp-json\/wp\/v2\/types\/product"}],"replies":[{"embeddable":true,"href":"https:\/\/casadolivreiro.pt\/index.php\/wp-json\/wp\/v2\/comments?post=5719"}],"wp:featuredmedia":[{"embeddable":true,"href":"https:\/\/casadolivreiro.pt\/index.php\/wp-json\/wp\/v2\/media\/5721"}],"wp:attachment":[{"href":"https:\/\/casadolivreiro.pt\/index.php\/wp-json\/wp\/v2\/media?parent=5719"}],"wp:term":[{"taxonomy":"product_cat","embeddable":true,"href":"https:\/\/casadolivreiro.pt\/index.php\/wp-json\/wp\/v2\/product_cat?post=5719"},{"taxonomy":"product_tag","embeddable":true,"href":"https:\/\/casadolivreiro.pt\/index.php\/wp-json\/wp\/v2\/product_tag?post=5719"}],"curies":[{"name":"wp","href":"https:\/\/api.w.org\/{rel}","templated":true}]}}