{"id":5717,"date":"2026-01-12T19:11:31","date_gmt":"2026-01-12T19:11:31","guid":{"rendered":"https:\/\/casadolivreiro.pt\/?post_type=product&#038;p=5717"},"modified":"2026-01-12T19:11:31","modified_gmt":"2026-01-12T19:11:31","slug":"a-fogo-e-a-tinta-olga-colette","status":"publish","type":"product","link":"https:\/\/casadolivreiro.pt\/index.php\/product\/a-fogo-e-a-tinta-olga-colette\/","title":{"rendered":"A FOGO E A TINTA Olga Colette"},"content":{"rendered":"<p>A FOGO E A TINTA<\/p>\n<p>Olga Colette<\/p>\n<p>Ano de edi\u00e7\u00e3o: 2001 (1.\u00aa edi\u00e7\u00e3o)<\/p>\n<p>Editor: Planeta Editora, Lisboa<\/p>\n<p>Idioma: Portugu\u00eas<\/p>\n<p>Dimens\u00f5es: 16\u00a0 x 2 x 23.4 cm<\/p>\n<p>Encaderna\u00e7\u00e3o: Capa mole<\/p>\n<p>P\u00e1ginas: 278<\/p>\n","protected":false},"excerpt":{"rendered":"<p>A FOGO E A TINTA Olga Colette Ano de edi\u00e7\u00e3o: 2001 (1.\u00aa edi\u00e7\u00e3o) Editor: Planeta Editora, Lisboa Idioma: Portugu\u00eas Dimens\u00f5es: 16\u00a0 x 2 x 23.4 cm Encaderna\u00e7\u00e3o: Capa mole P\u00e1ginas: 278<\/p>\n","protected":false},"featured_media":5718,"comment_status":"open","ping_status":"closed","template":"","meta":{"om_disable_all_campaigns":false,"_monsterinsights_skip_tracking":false,"_monsterinsights_sitenote_active":false,"_monsterinsights_sitenote_note":"","_monsterinsights_sitenote_category":0,"_uf_show_specific_survey":0,"_uf_disable_surveys":false},"product_cat":[25,61],"product_tag":[],"aioseo_notices":[],"jetpack_sharing_enabled":true,"_links":{"self":[{"href":"https:\/\/casadolivreiro.pt\/index.php\/wp-json\/wp\/v2\/product\/5717"}],"collection":[{"href":"https:\/\/casadolivreiro.pt\/index.php\/wp-json\/wp\/v2\/product"}],"about":[{"href":"https:\/\/casadolivreiro.pt\/index.php\/wp-json\/wp\/v2\/types\/product"}],"replies":[{"embeddable":true,"href":"https:\/\/casadolivreiro.pt\/index.php\/wp-json\/wp\/v2\/comments?post=5717"}],"wp:featuredmedia":[{"embeddable":true,"href":"https:\/\/casadolivreiro.pt\/index.php\/wp-json\/wp\/v2\/media\/5718"}],"wp:attachment":[{"href":"https:\/\/casadolivreiro.pt\/index.php\/wp-json\/wp\/v2\/media?parent=5717"}],"wp:term":[{"taxonomy":"product_cat","embeddable":true,"href":"https:\/\/casadolivreiro.pt\/index.php\/wp-json\/wp\/v2\/product_cat?post=5717"},{"taxonomy":"product_tag","embeddable":true,"href":"https:\/\/casadolivreiro.pt\/index.php\/wp-json\/wp\/v2\/product_tag?post=5717"}],"curies":[{"name":"wp","href":"https:\/\/api.w.org\/{rel}","templated":true}]}}