{"id":5715,"date":"2026-01-12T19:08:32","date_gmt":"2026-01-12T19:08:32","guid":{"rendered":"https:\/\/casadolivreiro.pt\/?post_type=product&#038;p=5715"},"modified":"2026-01-12T19:08:32","modified_gmt":"2026-01-12T19:08:32","slug":"o-segredo-de-leonardo-volpi-fernando-pinto-do-amaral","status":"publish","type":"product","link":"https:\/\/casadolivreiro.pt\/index.php\/product\/o-segredo-de-leonardo-volpi-fernando-pinto-do-amaral\/","title":{"rendered":"O SEGREDO DE LEONARDO VOLPI  Fernando Pinto do Amaral"},"content":{"rendered":"<p>O SEGREDO DE LEONARDO VOLPI<\/p>\n<p>Fernando Pinto do Amaral<\/p>\n<p>Ano de edi\u00e7\u00e3o: 2009 (1.\u00aa edi\u00e7\u00e3o)<\/p>\n<p>Editor: Dom Quixote, Lisboa<\/p>\n<p>Idioma: Portugu\u00eas<\/p>\n<p>Dimens\u00f5es: 15.5\u00a0 x 2 x 23.5 cm<\/p>\n<p>Encaderna\u00e7\u00e3o: Capa mole<\/p>\n<p>P\u00e1ginas: 302<\/p>\n","protected":false},"excerpt":{"rendered":"<p>O SEGREDO DE LEONARDO VOLPI Fernando Pinto do Amaral Ano de edi\u00e7\u00e3o: 2009 (1.\u00aa edi\u00e7\u00e3o) Editor: Dom Quixote, Lisboa Idioma: Portugu\u00eas Dimens\u00f5es: 15.5\u00a0 x 2 x 23.5 cm Encaderna\u00e7\u00e3o: Capa mole P\u00e1ginas: 302<\/p>\n","protected":false},"featured_media":5716,"comment_status":"open","ping_status":"closed","template":"","meta":{"om_disable_all_campaigns":false,"_monsterinsights_skip_tracking":false,"_monsterinsights_sitenote_active":false,"_monsterinsights_sitenote_note":"","_monsterinsights_sitenote_category":0,"_uf_show_specific_survey":0,"_uf_disable_surveys":false},"product_cat":[25],"product_tag":[],"aioseo_notices":[],"jetpack_sharing_enabled":true,"_links":{"self":[{"href":"https:\/\/casadolivreiro.pt\/index.php\/wp-json\/wp\/v2\/product\/5715"}],"collection":[{"href":"https:\/\/casadolivreiro.pt\/index.php\/wp-json\/wp\/v2\/product"}],"about":[{"href":"https:\/\/casadolivreiro.pt\/index.php\/wp-json\/wp\/v2\/types\/product"}],"replies":[{"embeddable":true,"href":"https:\/\/casadolivreiro.pt\/index.php\/wp-json\/wp\/v2\/comments?post=5715"}],"wp:featuredmedia":[{"embeddable":true,"href":"https:\/\/casadolivreiro.pt\/index.php\/wp-json\/wp\/v2\/media\/5716"}],"wp:attachment":[{"href":"https:\/\/casadolivreiro.pt\/index.php\/wp-json\/wp\/v2\/media?parent=5715"}],"wp:term":[{"taxonomy":"product_cat","embeddable":true,"href":"https:\/\/casadolivreiro.pt\/index.php\/wp-json\/wp\/v2\/product_cat?post=5715"},{"taxonomy":"product_tag","embeddable":true,"href":"https:\/\/casadolivreiro.pt\/index.php\/wp-json\/wp\/v2\/product_tag?post=5715"}],"curies":[{"name":"wp","href":"https:\/\/api.w.org\/{rel}","templated":true}]}}