{"id":571,"date":"2024-03-14T16:25:49","date_gmt":"2024-03-14T16:25:49","guid":{"rendered":"https:\/\/casadolivreiro.pt\/?post_type=product&#038;p=571"},"modified":"2024-03-14T16:25:49","modified_gmt":"2024-03-14T16:25:49","slug":"o-patrimonio-do-vinho-do-porto-caves-douro","status":"publish","type":"product","link":"https:\/\/casadolivreiro.pt\/index.php\/product\/o-patrimonio-do-vinho-do-porto-caves-douro\/","title":{"rendered":"O PATRIM\u00d3NIO DO VINHO DO PORTO: CAVES D\u2019OURO"},"content":{"rendered":"<p>O PATRIM\u00d3NIO DO VINHO DO PORTO: CAVES D\u2019OURO<br \/>\nISBN: 989-554-234-8<br \/>\nAno de edi\u00e7\u00e3o: 2005<br \/>\nEditor: QuidNovi<br \/>\nIdioma: Portugu\u00eas<br \/>\nDimens\u00f5es: 21 x 1.9 x 31 cm<br \/>\nEncaderna\u00e7\u00e3o: Capa dura<br \/>\nP\u00e1ginas: 192<\/p>\n","protected":false},"excerpt":{"rendered":"<p>O PATRIM\u00d3NIO DO VINHO DO PORTO: CAVES D\u2019OURO ISBN: 989-554-234-8 Ano de edi\u00e7\u00e3o: 2005 Editor: QuidNovi Idioma: Portugu\u00eas Dimens\u00f5es: 21 x 1.9 x 31 cm Encaderna\u00e7\u00e3o: Capa dura P\u00e1ginas: 192<\/p>\n","protected":false},"featured_media":572,"comment_status":"open","ping_status":"closed","template":"","meta":{"om_disable_all_campaigns":false,"_monsterinsights_skip_tracking":false,"_monsterinsights_sitenote_active":false,"_monsterinsights_sitenote_note":"","_monsterinsights_sitenote_category":0,"_uf_show_specific_survey":0,"_uf_disable_surveys":false},"product_cat":[40],"product_tag":[],"aioseo_notices":[],"jetpack_sharing_enabled":true,"_links":{"self":[{"href":"https:\/\/casadolivreiro.pt\/index.php\/wp-json\/wp\/v2\/product\/571"}],"collection":[{"href":"https:\/\/casadolivreiro.pt\/index.php\/wp-json\/wp\/v2\/product"}],"about":[{"href":"https:\/\/casadolivreiro.pt\/index.php\/wp-json\/wp\/v2\/types\/product"}],"replies":[{"embeddable":true,"href":"https:\/\/casadolivreiro.pt\/index.php\/wp-json\/wp\/v2\/comments?post=571"}],"wp:featuredmedia":[{"embeddable":true,"href":"https:\/\/casadolivreiro.pt\/index.php\/wp-json\/wp\/v2\/media\/572"}],"wp:attachment":[{"href":"https:\/\/casadolivreiro.pt\/index.php\/wp-json\/wp\/v2\/media?parent=571"}],"wp:term":[{"taxonomy":"product_cat","embeddable":true,"href":"https:\/\/casadolivreiro.pt\/index.php\/wp-json\/wp\/v2\/product_cat?post=571"},{"taxonomy":"product_tag","embeddable":true,"href":"https:\/\/casadolivreiro.pt\/index.php\/wp-json\/wp\/v2\/product_tag?post=571"}],"curies":[{"name":"wp","href":"https:\/\/api.w.org\/{rel}","templated":true}]}}