{"id":569,"date":"2024-03-14T16:21:58","date_gmt":"2024-03-14T16:21:58","guid":{"rendered":"https:\/\/casadolivreiro.pt\/?post_type=product&#038;p=569"},"modified":"2024-03-14T16:21:58","modified_gmt":"2024-03-14T16:21:58","slug":"cozinha-de-portugal-entre-douro-e-minho-maria-odette-cortes-valente","status":"publish","type":"product","link":"https:\/\/casadolivreiro.pt\/index.php\/product\/cozinha-de-portugal-entre-douro-e-minho-maria-odette-cortes-valente\/","title":{"rendered":"COZINHA DE PORTUGAL: ENTRE DOURO E MINHO Maria Odette Cortes Valente"},"content":{"rendered":"<p>COZINHA DE PORTUGAL: ENTRE DOURO E MINHO<br \/>\nMaria Odette Cortes Valente<br \/>\nISBN: 972-42-0835-4<br \/>\nAno de edi\u00e7\u00e3o: 1993<br \/>\nEditor: Circulo de Leitores<br \/>\nIdioma: Portugu\u00eas<br \/>\nDimens\u00f5es: 21.5 x 1.5 x 28 cm<br \/>\nEncaderna\u00e7\u00e3o: Capa dura<br \/>\nP\u00e1ginas: 134<\/p>\n","protected":false},"excerpt":{"rendered":"<p>COZINHA DE PORTUGAL: ENTRE DOURO E MINHO Maria Odette Cortes Valente ISBN: 972-42-0835-4 Ano de edi\u00e7\u00e3o: 1993 Editor: Circulo de Leitores Idioma: Portugu\u00eas Dimens\u00f5es: 21.5 x 1.5 x 28 cm Encaderna\u00e7\u00e3o: Capa dura P\u00e1ginas: 134<\/p>\n","protected":false},"featured_media":570,"comment_status":"open","ping_status":"closed","template":"","meta":{"om_disable_all_campaigns":false,"_monsterinsights_skip_tracking":false,"_monsterinsights_sitenote_active":false,"_monsterinsights_sitenote_note":"","_monsterinsights_sitenote_category":0,"_uf_show_specific_survey":0,"_uf_disable_surveys":false},"product_cat":[40],"product_tag":[],"aioseo_notices":[],"jetpack_sharing_enabled":true,"_links":{"self":[{"href":"https:\/\/casadolivreiro.pt\/index.php\/wp-json\/wp\/v2\/product\/569"}],"collection":[{"href":"https:\/\/casadolivreiro.pt\/index.php\/wp-json\/wp\/v2\/product"}],"about":[{"href":"https:\/\/casadolivreiro.pt\/index.php\/wp-json\/wp\/v2\/types\/product"}],"replies":[{"embeddable":true,"href":"https:\/\/casadolivreiro.pt\/index.php\/wp-json\/wp\/v2\/comments?post=569"}],"wp:featuredmedia":[{"embeddable":true,"href":"https:\/\/casadolivreiro.pt\/index.php\/wp-json\/wp\/v2\/media\/570"}],"wp:attachment":[{"href":"https:\/\/casadolivreiro.pt\/index.php\/wp-json\/wp\/v2\/media?parent=569"}],"wp:term":[{"taxonomy":"product_cat","embeddable":true,"href":"https:\/\/casadolivreiro.pt\/index.php\/wp-json\/wp\/v2\/product_cat?post=569"},{"taxonomy":"product_tag","embeddable":true,"href":"https:\/\/casadolivreiro.pt\/index.php\/wp-json\/wp\/v2\/product_tag?post=569"}],"curies":[{"name":"wp","href":"https:\/\/api.w.org\/{rel}","templated":true}]}}