{"id":567,"date":"2024-03-14T16:17:19","date_gmt":"2024-03-14T16:17:19","guid":{"rendered":"https:\/\/casadolivreiro.pt\/?post_type=product&#038;p=567"},"modified":"2024-03-14T16:22:51","modified_gmt":"2024-03-14T16:22:51","slug":"hospitality-today-an-introduction-rocco-m-angelo-andrew-n-vladimir","status":"publish","type":"product","link":"https:\/\/casadolivreiro.pt\/index.php\/product\/hospitality-today-an-introduction-rocco-m-angelo-andrew-n-vladimir\/","title":{"rendered":"HOSPITALITY TODAY: An Introduction &#8211; Rocco M. Angelo, Andrew N. Vladimir"},"content":{"rendered":"<p>HOSPITALITY TODAY: An Introduction<br \/>\nRocco M. Angelo, Andrew N. Vladimir<br \/>\nISBN: 978-0-86612-261-0<br \/>\nAno de edi\u00e7\u00e3o: 2004<br \/>\nEditor: Educational Institute of the American Hotel and Lodging Association<br \/>\nIdioma: Ingl\u00eas<br \/>\nDimens\u00f5es: 18 x 3.3 x 23.5 cm<br \/>\nEncaderna\u00e7\u00e3o: Capa dura<br \/>\nP\u00e1ginas: 551<\/p>\n","protected":false},"excerpt":{"rendered":"<p>HOSPITALITY TODAY: An Introduction Rocco M. Angelo, Andrew N. Vladimir ISBN: 978-0-86612-261-0 Ano de edi\u00e7\u00e3o: 2004 Editor: Educational Institute of the American Hotel and Lodging Association Idioma: Ingl\u00eas Dimens\u00f5es: 18 x 3.3 x 23.5 cm Encaderna\u00e7\u00e3o: Capa dura P\u00e1ginas: 551<\/p>\n","protected":false},"featured_media":568,"comment_status":"open","ping_status":"closed","template":"","meta":{"om_disable_all_campaigns":false,"_monsterinsights_skip_tracking":false,"_monsterinsights_sitenote_active":false,"_monsterinsights_sitenote_note":"","_monsterinsights_sitenote_category":0,"_uf_show_specific_survey":0,"_uf_disable_surveys":false},"product_cat":[41,47,40,55,39],"product_tag":[],"aioseo_notices":[],"jetpack_sharing_enabled":true,"_links":{"self":[{"href":"https:\/\/casadolivreiro.pt\/index.php\/wp-json\/wp\/v2\/product\/567"}],"collection":[{"href":"https:\/\/casadolivreiro.pt\/index.php\/wp-json\/wp\/v2\/product"}],"about":[{"href":"https:\/\/casadolivreiro.pt\/index.php\/wp-json\/wp\/v2\/types\/product"}],"replies":[{"embeddable":true,"href":"https:\/\/casadolivreiro.pt\/index.php\/wp-json\/wp\/v2\/comments?post=567"}],"wp:featuredmedia":[{"embeddable":true,"href":"https:\/\/casadolivreiro.pt\/index.php\/wp-json\/wp\/v2\/media\/568"}],"wp:attachment":[{"href":"https:\/\/casadolivreiro.pt\/index.php\/wp-json\/wp\/v2\/media?parent=567"}],"wp:term":[{"taxonomy":"product_cat","embeddable":true,"href":"https:\/\/casadolivreiro.pt\/index.php\/wp-json\/wp\/v2\/product_cat?post=567"},{"taxonomy":"product_tag","embeddable":true,"href":"https:\/\/casadolivreiro.pt\/index.php\/wp-json\/wp\/v2\/product_tag?post=567"}],"curies":[{"name":"wp","href":"https:\/\/api.w.org\/{rel}","templated":true}]}}