{"id":565,"date":"2024-03-14T16:11:29","date_gmt":"2024-03-14T16:11:29","guid":{"rendered":"https:\/\/casadolivreiro.pt\/?post_type=product&#038;p=565"},"modified":"2024-03-14T16:11:29","modified_gmt":"2024-03-14T16:11:29","slug":"tratado-de-hotelaria-manuel-ai-quintas","status":"publish","type":"product","link":"https:\/\/casadolivreiro.pt\/index.php\/product\/tratado-de-hotelaria-manuel-ai-quintas\/","title":{"rendered":"TRATADO DE HOTELARIA &#8211; Manuel Ai Quintas"},"content":{"rendered":"<p>TRATADO DE HOTELARIA<br \/>\nManuel Ai Quintas<br \/>\nAno de edi\u00e7\u00e3o: 1988<br \/>\nEditor: Instituto Nacional de Forma\u00e7\u00e3o Turistica<br \/>\nIdioma: Portugu\u00eas<br \/>\nDimens\u00f5es: 17 x 4 x 24 cm<br \/>\nEncaderna\u00e7\u00e3o: Capa dura<br \/>\nP\u00e1ginas: 592<\/p>\n","protected":false},"excerpt":{"rendered":"<p>TRATADO DE HOTELARIA Manuel Ai Quintas Ano de edi\u00e7\u00e3o: 1988 Editor: Instituto Nacional de Forma\u00e7\u00e3o Turistica Idioma: Portugu\u00eas Dimens\u00f5es: 17 x 4 x 24 cm Encaderna\u00e7\u00e3o: Capa dura P\u00e1ginas: 592<\/p>\n","protected":false},"featured_media":566,"comment_status":"open","ping_status":"closed","template":"","meta":{"om_disable_all_campaigns":false,"_monsterinsights_skip_tracking":false,"_monsterinsights_sitenote_active":false,"_monsterinsights_sitenote_note":"","_monsterinsights_sitenote_category":0,"_uf_show_specific_survey":0,"_uf_disable_surveys":false},"product_cat":[31,41,39],"product_tag":[],"aioseo_notices":[],"jetpack_sharing_enabled":true,"_links":{"self":[{"href":"https:\/\/casadolivreiro.pt\/index.php\/wp-json\/wp\/v2\/product\/565"}],"collection":[{"href":"https:\/\/casadolivreiro.pt\/index.php\/wp-json\/wp\/v2\/product"}],"about":[{"href":"https:\/\/casadolivreiro.pt\/index.php\/wp-json\/wp\/v2\/types\/product"}],"replies":[{"embeddable":true,"href":"https:\/\/casadolivreiro.pt\/index.php\/wp-json\/wp\/v2\/comments?post=565"}],"wp:featuredmedia":[{"embeddable":true,"href":"https:\/\/casadolivreiro.pt\/index.php\/wp-json\/wp\/v2\/media\/566"}],"wp:attachment":[{"href":"https:\/\/casadolivreiro.pt\/index.php\/wp-json\/wp\/v2\/media?parent=565"}],"wp:term":[{"taxonomy":"product_cat","embeddable":true,"href":"https:\/\/casadolivreiro.pt\/index.php\/wp-json\/wp\/v2\/product_cat?post=565"},{"taxonomy":"product_tag","embeddable":true,"href":"https:\/\/casadolivreiro.pt\/index.php\/wp-json\/wp\/v2\/product_tag?post=565"}],"curies":[{"name":"wp","href":"https:\/\/api.w.org\/{rel}","templated":true}]}}