{"id":561,"date":"2024-03-14T16:00:14","date_gmt":"2024-03-14T16:00:14","guid":{"rendered":"https:\/\/casadolivreiro.pt\/?post_type=product&#038;p=561"},"modified":"2024-03-14T16:01:28","modified_gmt":"2024-03-14T16:01:28","slug":"historia-da-literatura-portuguesa-vol-1-sec-xii-xviii-antonio-jose-barreiros","status":"publish","type":"product","link":"https:\/\/casadolivreiro.pt\/index.php\/product\/historia-da-literatura-portuguesa-vol-1-sec-xii-xviii-antonio-jose-barreiros\/","title":{"rendered":"HIST\u00d3RIA DA LITERATURA PORTUGUESA Vol. 1, S\u00e9c. XII- XVIII &#8211; Ant\u00f3nio Jos\u00e9 Barreiros"},"content":{"rendered":"<p>HIST\u00d3RIA DA LITERATURA PORTUGUESA Vol. 1, S\u00e9c. XII- XVIII<br \/>\nAnt\u00f3nio Jos\u00e9 Barreiros<br \/>\nAno de edi\u00e7\u00e3o: 1975 (?)<br \/>\nEditor: Editora Pax ( 7.a edi\u00e7\u00e3o)<br \/>\nIdioma: Portugu\u00eas<br \/>\nDimens\u00f5es: 15 x 3 x 22.5 cm<br \/>\nEncaderna\u00e7\u00e3o: Capa mole<br \/>\nP\u00e1ginas: 577<\/p>\n","protected":false},"excerpt":{"rendered":"<p>HIST\u00d3RIA DA LITERATURA PORTUGUESA Vol. 1, S\u00e9c. XII- XVIII Ant\u00f3nio Jos\u00e9 Barreiros Ano de edi\u00e7\u00e3o: 1975 (?) Editor: Editora Pax ( 7.a edi\u00e7\u00e3o) Idioma: Portugu\u00eas Dimens\u00f5es: 15 x 3 x 22.5 cm Encaderna\u00e7\u00e3o: Capa mole P\u00e1ginas: 577<\/p>\n","protected":false},"featured_media":530,"comment_status":"open","ping_status":"closed","template":"","meta":{"om_disable_all_campaigns":false,"_monsterinsights_skip_tracking":false,"_monsterinsights_sitenote_active":false,"_monsterinsights_sitenote_note":"","_monsterinsights_sitenote_category":0,"_uf_show_specific_survey":0,"_uf_disable_surveys":false},"product_cat":[31,47,30],"product_tag":[],"aioseo_notices":[],"jetpack_sharing_enabled":true,"_links":{"self":[{"href":"https:\/\/casadolivreiro.pt\/index.php\/wp-json\/wp\/v2\/product\/561"}],"collection":[{"href":"https:\/\/casadolivreiro.pt\/index.php\/wp-json\/wp\/v2\/product"}],"about":[{"href":"https:\/\/casadolivreiro.pt\/index.php\/wp-json\/wp\/v2\/types\/product"}],"replies":[{"embeddable":true,"href":"https:\/\/casadolivreiro.pt\/index.php\/wp-json\/wp\/v2\/comments?post=561"}],"wp:featuredmedia":[{"embeddable":true,"href":"https:\/\/casadolivreiro.pt\/index.php\/wp-json\/wp\/v2\/media\/530"}],"wp:attachment":[{"href":"https:\/\/casadolivreiro.pt\/index.php\/wp-json\/wp\/v2\/media?parent=561"}],"wp:term":[{"taxonomy":"product_cat","embeddable":true,"href":"https:\/\/casadolivreiro.pt\/index.php\/wp-json\/wp\/v2\/product_cat?post=561"},{"taxonomy":"product_tag","embeddable":true,"href":"https:\/\/casadolivreiro.pt\/index.php\/wp-json\/wp\/v2\/product_tag?post=561"}],"curies":[{"name":"wp","href":"https:\/\/api.w.org\/{rel}","templated":true}]}}