{"id":559,"date":"2024-03-14T15:56:30","date_gmt":"2024-03-14T15:56:30","guid":{"rendered":"https:\/\/casadolivreiro.pt\/?post_type=product&#038;p=559"},"modified":"2024-03-14T15:56:59","modified_gmt":"2024-03-14T15:56:59","slug":"gestao-socioambiental-estrategias-na-nova-era-da-sustentabilidade-takeshy-tachizawa-rui-otavio-bernardes-de-andrade","status":"publish","type":"product","link":"https:\/\/casadolivreiro.pt\/index.php\/product\/gestao-socioambiental-estrategias-na-nova-era-da-sustentabilidade-takeshy-tachizawa-rui-otavio-bernardes-de-andrade\/","title":{"rendered":"GEST\u00c3O SOCIOAMBIENTAL: Estrat\u00e9gias na nova era da sustentabilidade &#8211; Takeshy Tachizawa, Rui Ot\u00e1vio Bernardes de Andrade"},"content":{"rendered":"<p>GEST\u00c3O SOCIOAMBIENTAL: Estrat\u00e9gias na nova era da sustentabilidade<br \/>\nTakeshy Tachizawa, Rui Ot\u00e1vio Bernardes de Andrade<br \/>\nISBN: 978-85-352-3166-3<br \/>\nAno de edi\u00e7\u00e3o: 2008<br \/>\nEditor: Elsevier Editora Ltda., Ri de Janeiro, Brasil<br \/>\nIdioma: Portugu\u00eas<br \/>\nDimens\u00f5es: 17 x 1.3 x 24<br \/>\nEncaderna\u00e7\u00e3o: Capa mole<br \/>\nP\u00e1ginas: 247<\/p>\n<p>Esta obra pretende prover orienta\u00e7\u00e3o gen\u00e9rica a uma organiza\u00e7\u00e3o que objetive aprimorar seu modelo de gest\u00e3o, compatibilizando-o com as diferentes dimens\u00f5es da responsabilidade social corporativa e das quest\u00f5es ambientais e ecol\u00f3gicas. A responsabilidade social na trilha de desastres empresariais envolvendo consagradas organiza\u00e7\u00f5es ganha import\u00e2ncia como instrumento de gest\u00e3o para evitar riscos de esc\u00e2ndalos econ\u00f4micos. At\u00e9 pouco tempo, a responsabilidade social corporativa se resumia a doa\u00e7\u00f5es das empresas, por meio de campanhas comunit\u00e1rias e contribui\u00e7\u00f5es volunt\u00e1rias. Atualmente o conceito se expandiu e se tornou mais abrangente, incorporando outros fatores importantes como a preserva\u00e7\u00e3o do meio ambiente, a valoriza\u00e7\u00e3o do colaborador como parte integrante da empresa, bem como a preocupa\u00e7\u00e3o em criar medidas que assegurem sua qualidade de vida dentro da organiza\u00e7\u00e3o.<\/p>\n","protected":false},"excerpt":{"rendered":"<p>GEST\u00c3O SOCIOAMBIENTAL: Estrat\u00e9gias na nova era da sustentabilidade Takeshy Tachizawa, Rui Ot\u00e1vio Bernardes de Andrade ISBN: 978-85-352-3166-3 Ano de edi\u00e7\u00e3o: 2008 Editor: Elsevier Editora Ltda., Ri de Janeiro, Brasil Idioma: Portugu\u00eas Dimens\u00f5es: 17 x 1.3 x 24 Encaderna\u00e7\u00e3o: Capa mole P\u00e1ginas: 247 Esta obra pretende prover orienta\u00e7\u00e3o gen\u00e9rica a uma organiza\u00e7\u00e3o que objetive aprimorar seu [&hellip;]<\/p>\n","protected":false},"featured_media":560,"comment_status":"open","ping_status":"closed","template":"","meta":{"om_disable_all_campaigns":false,"_monsterinsights_skip_tracking":false,"_monsterinsights_sitenote_active":false,"_monsterinsights_sitenote_note":"","_monsterinsights_sitenote_category":0,"_uf_show_specific_survey":0,"_uf_disable_surveys":false},"product_cat":[32,41,47,48],"product_tag":[],"aioseo_notices":[],"jetpack_sharing_enabled":true,"_links":{"self":[{"href":"https:\/\/casadolivreiro.pt\/index.php\/wp-json\/wp\/v2\/product\/559"}],"collection":[{"href":"https:\/\/casadolivreiro.pt\/index.php\/wp-json\/wp\/v2\/product"}],"about":[{"href":"https:\/\/casadolivreiro.pt\/index.php\/wp-json\/wp\/v2\/types\/product"}],"replies":[{"embeddable":true,"href":"https:\/\/casadolivreiro.pt\/index.php\/wp-json\/wp\/v2\/comments?post=559"}],"wp:featuredmedia":[{"embeddable":true,"href":"https:\/\/casadolivreiro.pt\/index.php\/wp-json\/wp\/v2\/media\/560"}],"wp:attachment":[{"href":"https:\/\/casadolivreiro.pt\/index.php\/wp-json\/wp\/v2\/media?parent=559"}],"wp:term":[{"taxonomy":"product_cat","embeddable":true,"href":"https:\/\/casadolivreiro.pt\/index.php\/wp-json\/wp\/v2\/product_cat?post=559"},{"taxonomy":"product_tag","embeddable":true,"href":"https:\/\/casadolivreiro.pt\/index.php\/wp-json\/wp\/v2\/product_tag?post=559"}],"curies":[{"name":"wp","href":"https:\/\/api.w.org\/{rel}","templated":true}]}}