{"id":556,"date":"2024-03-14T15:48:36","date_gmt":"2024-03-14T15:48:36","guid":{"rendered":"https:\/\/casadolivreiro.pt\/?post_type=product&#038;p=556"},"modified":"2024-03-14T15:48:36","modified_gmt":"2024-03-14T15:48:36","slug":"exercicios-de-economia-industrial-pedro-pita-barros","status":"publish","type":"product","link":"https:\/\/casadolivreiro.pt\/index.php\/product\/exercicios-de-economia-industrial-pedro-pita-barros\/","title":{"rendered":"EXERC\u00cdCIOS DE ECONOMIA INDUSTRIAL &#8211; Pedro Pita Barros"},"content":{"rendered":"<p>EXERC\u00cdCIOS DE ECONOMIA INDUSTRIAL<br \/>\nPedro Pita Barros<br \/>\nISBN: 972-8298-86-2<br \/>\nAno de edi\u00e7\u00e3o: 2001<br \/>\nEditor: McGraw-Hill de Portugal, Amadora, PT<br \/>\nIdioma: Portugu\u00eas<br \/>\nDimens\u00f5es: 18.7 x 0.7 x 23.5<br \/>\nEncaderna\u00e7\u00e3o: Capa mole<br \/>\nP\u00e1ginas: 146<\/p>\n","protected":false},"excerpt":{"rendered":"<p>EXERC\u00cdCIOS DE ECONOMIA INDUSTRIAL Pedro Pita Barros ISBN: 972-8298-86-2 Ano de edi\u00e7\u00e3o: 2001 Editor: McGraw-Hill de Portugal, Amadora, PT Idioma: Portugu\u00eas Dimens\u00f5es: 18.7 x 0.7 x 23.5 Encaderna\u00e7\u00e3o: Capa mole P\u00e1ginas: 146<\/p>\n","protected":false},"featured_media":557,"comment_status":"open","ping_status":"closed","template":"","meta":{"om_disable_all_campaigns":false,"_monsterinsights_skip_tracking":false,"_monsterinsights_sitenote_active":false,"_monsterinsights_sitenote_note":"","_monsterinsights_sitenote_category":0,"_uf_show_specific_survey":0,"_uf_disable_surveys":false},"product_cat":[41,47],"product_tag":[],"aioseo_notices":[],"jetpack_sharing_enabled":true,"_links":{"self":[{"href":"https:\/\/casadolivreiro.pt\/index.php\/wp-json\/wp\/v2\/product\/556"}],"collection":[{"href":"https:\/\/casadolivreiro.pt\/index.php\/wp-json\/wp\/v2\/product"}],"about":[{"href":"https:\/\/casadolivreiro.pt\/index.php\/wp-json\/wp\/v2\/types\/product"}],"replies":[{"embeddable":true,"href":"https:\/\/casadolivreiro.pt\/index.php\/wp-json\/wp\/v2\/comments?post=556"}],"wp:featuredmedia":[{"embeddable":true,"href":"https:\/\/casadolivreiro.pt\/index.php\/wp-json\/wp\/v2\/media\/557"}],"wp:attachment":[{"href":"https:\/\/casadolivreiro.pt\/index.php\/wp-json\/wp\/v2\/media?parent=556"}],"wp:term":[{"taxonomy":"product_cat","embeddable":true,"href":"https:\/\/casadolivreiro.pt\/index.php\/wp-json\/wp\/v2\/product_cat?post=556"},{"taxonomy":"product_tag","embeddable":true,"href":"https:\/\/casadolivreiro.pt\/index.php\/wp-json\/wp\/v2\/product_tag?post=556"}],"curies":[{"name":"wp","href":"https:\/\/api.w.org\/{rel}","templated":true}]}}