{"id":550,"date":"2024-03-14T15:32:20","date_gmt":"2024-03-14T15:32:20","guid":{"rendered":"https:\/\/casadolivreiro.pt\/?post_type=product&#038;p=550"},"modified":"2025-02-19T19:05:57","modified_gmt":"2025-02-19T19:05:57","slug":"quando-ele-nos-abre-as-escrituras-domingo-apos-domingo-uma-leitura-biblica-do-lecionario-d-antonio-couto","status":"publish","type":"product","link":"https:\/\/casadolivreiro.pt\/index.php\/product\/quando-ele-nos-abre-as-escrituras-domingo-apos-domingo-uma-leitura-biblica-do-lecionario-d-antonio-couto\/","title":{"rendered":"QUANDO ELE NOS ABRE AS ESCRITURAS: domingo ap\u00f3s domingo &#8211; Uma leitura b\u00edblica do Lecion\u00e1rio D. Ant\u00f3nio Couto"},"content":{"rendered":"<p>QUANDO ELE NOS ABRE AS ESCRITURAS: domingo ap\u00f3s domingo<br \/>\nUma leitura b\u00edblica do Lecion\u00e1rio<br \/>\nD. Ant\u00f3nio Couto<br \/>\nISBN: 978-972-30-1822-6<br \/>\nAno de edi\u00e7\u00e3o: 2014<br \/>\nEditor: Paulus Editora, Lisboa<br \/>\nIdioma: Portugu\u00eas<br \/>\nDimens\u00f5es: 14 x 2.4 x 21.7 cm<br \/>\nEncaderna\u00e7\u00e3o: Capa dura<br \/>\nP\u00e1ginas: 399<\/p>\n<p>Este livro apresenta as reflex\u00f5es de D. Ant\u00f3nio Couto &#8211; biblista e bispo de Lamego &#8211; sobre os textos lit\u00fargicos de todos os domingos do Ano C. Excelente roteiro para os fi\u00e9is acompanharem a liturgia anual e tamb\u00e9m para auxiliar os sacerdotes na prepara\u00e7\u00e3o das suas homilias dominicais.<\/p>\n","protected":false},"excerpt":{"rendered":"<p>QUANDO ELE NOS ABRE AS ESCRITURAS: domingo ap\u00f3s domingo Uma leitura b\u00edblica do Lecion\u00e1rio D. Ant\u00f3nio Couto ISBN: 978-972-30-1822-6 Ano de edi\u00e7\u00e3o: 2014 Editor: Paulus Editora, Lisboa Idioma: Portugu\u00eas Dimens\u00f5es: 14 x 2.4 x 21.7 cm Encaderna\u00e7\u00e3o: Capa dura P\u00e1ginas: 399 Este livro apresenta as reflex\u00f5es de D. Ant\u00f3nio Couto &#8211; biblista e bispo de [&hellip;]<\/p>\n","protected":false},"featured_media":551,"comment_status":"open","ping_status":"closed","template":"","meta":{"om_disable_all_campaigns":false,"_monsterinsights_skip_tracking":false,"_monsterinsights_sitenote_active":false,"_monsterinsights_sitenote_note":"","_monsterinsights_sitenote_category":0,"_uf_show_specific_survey":0,"_uf_disable_surveys":false},"product_cat":[47,33],"product_tag":[],"aioseo_notices":[],"jetpack_sharing_enabled":true,"_links":{"self":[{"href":"https:\/\/casadolivreiro.pt\/index.php\/wp-json\/wp\/v2\/product\/550"}],"collection":[{"href":"https:\/\/casadolivreiro.pt\/index.php\/wp-json\/wp\/v2\/product"}],"about":[{"href":"https:\/\/casadolivreiro.pt\/index.php\/wp-json\/wp\/v2\/types\/product"}],"replies":[{"embeddable":true,"href":"https:\/\/casadolivreiro.pt\/index.php\/wp-json\/wp\/v2\/comments?post=550"}],"wp:featuredmedia":[{"embeddable":true,"href":"https:\/\/casadolivreiro.pt\/index.php\/wp-json\/wp\/v2\/media\/551"}],"wp:attachment":[{"href":"https:\/\/casadolivreiro.pt\/index.php\/wp-json\/wp\/v2\/media?parent=550"}],"wp:term":[{"taxonomy":"product_cat","embeddable":true,"href":"https:\/\/casadolivreiro.pt\/index.php\/wp-json\/wp\/v2\/product_cat?post=550"},{"taxonomy":"product_tag","embeddable":true,"href":"https:\/\/casadolivreiro.pt\/index.php\/wp-json\/wp\/v2\/product_tag?post=550"}],"curies":[{"name":"wp","href":"https:\/\/api.w.org\/{rel}","templated":true}]}}