{"id":547,"date":"2024-03-14T15:26:42","date_gmt":"2024-03-14T15:26:42","guid":{"rendered":"https:\/\/casadolivreiro.pt\/?post_type=product&#038;p=547"},"modified":"2024-03-14T15:26:42","modified_gmt":"2024-03-14T15:26:42","slug":"livro-de-estilo-publico","status":"publish","type":"product","link":"https:\/\/casadolivreiro.pt\/index.php\/product\/livro-de-estilo-publico\/","title":{"rendered":"LIVRO DE ESTILO: PUBLICO"},"content":{"rendered":"<p>LIVRO DE ESTILO: PUBLICO<br \/>\nISBN: 972-8892-37-3<br \/>\nAno de edi\u00e7\u00e3o: 2005<br \/>\nEditor: Publico, Lisboa<br \/>\nIdioma: Portugu\u00eas<br \/>\nDimens\u00f5es: 14 x 2.4 x 23.5 cm<br \/>\nEncaderna\u00e7\u00e3o: Capa mole<br \/>\nP\u00e1ginas: 302<\/p>\n<p>Instrumento de consulta e de reflex\u00e3o, o Livro de Estilo do P\u00fablico d\u00e1 a conhecer as normas \u00e9ticas e deontol\u00f3gicas que norteiam os profissionais que escrevem (e escolhem) as not\u00edcias, esclarece d\u00favidas sobre grafia portuguesa e topon\u00edmia estrangeira, alerta para as dificuldades da l\u00edngua e descodifica os aspectos legais da fun\u00e7\u00e3o de informar. Grafismo, articula\u00e7\u00e3o entre fotografia, ilustra\u00e7\u00e3o e texto, assim como crit\u00e9rios de defini\u00e7\u00e3o do espa\u00e7o para publicidade fazem igualmente parte desta Segunda edi\u00e7\u00e3o.<\/p>\n<p>Um livro que pretende dotar o leitor de uma maior capacidade de avalia\u00e7\u00e3o e cr\u00edtica das not\u00edcias, dos jornais e dos jornalistas.<\/p>\n","protected":false},"excerpt":{"rendered":"<p>LIVRO DE ESTILO: PUBLICO ISBN: 972-8892-37-3 Ano de edi\u00e7\u00e3o: 2005 Editor: Publico, Lisboa Idioma: Portugu\u00eas Dimens\u00f5es: 14 x 2.4 x 23.5 cm Encaderna\u00e7\u00e3o: Capa mole P\u00e1ginas: 302 Instrumento de consulta e de reflex\u00e3o, o Livro de Estilo do P\u00fablico d\u00e1 a conhecer as normas \u00e9ticas e deontol\u00f3gicas que norteiam os profissionais que escrevem (e escolhem) [&hellip;]<\/p>\n","protected":false},"featured_media":548,"comment_status":"open","ping_status":"closed","template":"","meta":{"om_disable_all_campaigns":false,"_monsterinsights_skip_tracking":false,"_monsterinsights_sitenote_active":false,"_monsterinsights_sitenote_note":"","_monsterinsights_sitenote_category":0,"_uf_show_specific_survey":0,"_uf_disable_surveys":false},"product_cat":[31,47,48],"product_tag":[],"aioseo_notices":[],"jetpack_sharing_enabled":true,"_links":{"self":[{"href":"https:\/\/casadolivreiro.pt\/index.php\/wp-json\/wp\/v2\/product\/547"}],"collection":[{"href":"https:\/\/casadolivreiro.pt\/index.php\/wp-json\/wp\/v2\/product"}],"about":[{"href":"https:\/\/casadolivreiro.pt\/index.php\/wp-json\/wp\/v2\/types\/product"}],"replies":[{"embeddable":true,"href":"https:\/\/casadolivreiro.pt\/index.php\/wp-json\/wp\/v2\/comments?post=547"}],"wp:featuredmedia":[{"embeddable":true,"href":"https:\/\/casadolivreiro.pt\/index.php\/wp-json\/wp\/v2\/media\/548"}],"wp:attachment":[{"href":"https:\/\/casadolivreiro.pt\/index.php\/wp-json\/wp\/v2\/media?parent=547"}],"wp:term":[{"taxonomy":"product_cat","embeddable":true,"href":"https:\/\/casadolivreiro.pt\/index.php\/wp-json\/wp\/v2\/product_cat?post=547"},{"taxonomy":"product_tag","embeddable":true,"href":"https:\/\/casadolivreiro.pt\/index.php\/wp-json\/wp\/v2\/product_tag?post=547"}],"curies":[{"name":"wp","href":"https:\/\/api.w.org\/{rel}","templated":true}]}}