{"id":545,"date":"2024-03-14T15:21:34","date_gmt":"2024-03-14T15:21:34","guid":{"rendered":"https:\/\/casadolivreiro.pt\/?post_type=product&#038;p=545"},"modified":"2024-03-15T11:35:48","modified_gmt":"2024-03-15T11:35:48","slug":"tudo-o-que-voce-sempre-quis-saber-sobre-o-sexo-david-r-reuben","status":"publish","type":"product","link":"https:\/\/casadolivreiro.pt\/index.php\/product\/tudo-o-que-voce-sempre-quis-saber-sobre-o-sexo-david-r-reuben\/","title":{"rendered":"TUDO O QUE VOC\u00ca SEMPRE QUIS SABER SOBRE O SEXO &#8211; David R. Reuben"},"content":{"rendered":"<p>TUDO O QUE VOC\u00ca SEMPRE QUIS SABER SOBRE O SEXO<br \/>\nDavid R. Reuben<br \/>\nTradu\u00e7\u00e3o de J. Fonseca<br \/>\nAno de edi\u00e7\u00e3o: 1975<br \/>\nEditor: Circulo de Leitores, Lisboa<br \/>\nIdioma: Portugu\u00eas<br \/>\nDimens\u00f5es: 12 x 2.7 x 20.3 cm<br \/>\nEncaderna\u00e7\u00e3o: Capa dura<br \/>\nP\u00e1ginas: 369<\/p>\n","protected":false},"excerpt":{"rendered":"<p>TUDO O QUE VOC\u00ca SEMPRE QUIS SABER SOBRE O SEXO David R. Reuben Tradu\u00e7\u00e3o de J. Fonseca Ano de edi\u00e7\u00e3o: 1975 Editor: Circulo de Leitores, Lisboa Idioma: Portugu\u00eas Dimens\u00f5es: 12 x 2.7 x 20.3 cm Encaderna\u00e7\u00e3o: Capa dura P\u00e1ginas: 369<\/p>\n","protected":false},"featured_media":546,"comment_status":"open","ping_status":"closed","template":"","meta":{"om_disable_all_campaigns":false,"_monsterinsights_skip_tracking":false,"_monsterinsights_sitenote_active":false,"_monsterinsights_sitenote_note":"","_monsterinsights_sitenote_category":0,"_uf_show_specific_survey":0,"_uf_disable_surveys":false},"product_cat":[43,67],"product_tag":[],"aioseo_notices":[],"jetpack_sharing_enabled":true,"_links":{"self":[{"href":"https:\/\/casadolivreiro.pt\/index.php\/wp-json\/wp\/v2\/product\/545"}],"collection":[{"href":"https:\/\/casadolivreiro.pt\/index.php\/wp-json\/wp\/v2\/product"}],"about":[{"href":"https:\/\/casadolivreiro.pt\/index.php\/wp-json\/wp\/v2\/types\/product"}],"replies":[{"embeddable":true,"href":"https:\/\/casadolivreiro.pt\/index.php\/wp-json\/wp\/v2\/comments?post=545"}],"wp:featuredmedia":[{"embeddable":true,"href":"https:\/\/casadolivreiro.pt\/index.php\/wp-json\/wp\/v2\/media\/546"}],"wp:attachment":[{"href":"https:\/\/casadolivreiro.pt\/index.php\/wp-json\/wp\/v2\/media?parent=545"}],"wp:term":[{"taxonomy":"product_cat","embeddable":true,"href":"https:\/\/casadolivreiro.pt\/index.php\/wp-json\/wp\/v2\/product_cat?post=545"},{"taxonomy":"product_tag","embeddable":true,"href":"https:\/\/casadolivreiro.pt\/index.php\/wp-json\/wp\/v2\/product_tag?post=545"}],"curies":[{"name":"wp","href":"https:\/\/api.w.org\/{rel}","templated":true}]}}