{"id":544,"date":"2024-03-14T15:16:32","date_gmt":"2024-03-14T15:16:32","guid":{"rendered":"https:\/\/casadolivreiro.pt\/?post_type=product&#038;p=544"},"modified":"2024-03-14T15:16:32","modified_gmt":"2024-03-14T15:16:32","slug":"introducao-a-teoria-microeconomica-fernando-de-jesus","status":"publish","type":"product","link":"https:\/\/casadolivreiro.pt\/index.php\/product\/introducao-a-teoria-microeconomica-fernando-de-jesus\/","title":{"rendered":"INTRODU\u00c7\u00c3O \u00c0 TEORIA  MICROECON\u00d3MICA &#8211; Fernando de Jesus"},"content":{"rendered":"<p>INTRODU\u00c7\u00c3O \u00c0 TEORIA\u00a0 MICROECON\u00d3MICA<br \/>\nFernando de Jesus<br \/>\nBiblioteca de economia e gest\u00e3o<br \/>\nISBN: 972-20-0941-9<br \/>\nAno de edi\u00e7\u00e3o: 1992 ( 1\u00aa edi\u00e7\u00e3o)<br \/>\nEditor: Publica\u00e7\u00f5es Dom Quixote, Lisboa<br \/>\nIdioma: Portugu\u00eas<br \/>\nDimens\u00f5es: 15.3 x 2.2 x 23.5 cm<br \/>\nEncaderna\u00e7\u00e3o: Capa mole<br \/>\nP\u00e1ginas: 263<\/p>\n","protected":false},"excerpt":{"rendered":"<p>INTRODU\u00c7\u00c3O \u00c0 TEORIA\u00a0 MICROECON\u00d3MICA Fernando de Jesus Biblioteca de economia e gest\u00e3o ISBN: 972-20-0941-9 Ano de edi\u00e7\u00e3o: 1992 ( 1\u00aa edi\u00e7\u00e3o) Editor: Publica\u00e7\u00f5es Dom Quixote, Lisboa Idioma: Portugu\u00eas Dimens\u00f5es: 15.3 x 2.2 x 23.5 cm Encaderna\u00e7\u00e3o: Capa mole P\u00e1ginas: 263<\/p>\n","protected":false},"featured_media":542,"comment_status":"open","ping_status":"closed","template":"","meta":{"om_disable_all_campaigns":false,"_monsterinsights_skip_tracking":false,"_monsterinsights_sitenote_active":false,"_monsterinsights_sitenote_note":"","_monsterinsights_sitenote_category":0,"_uf_show_specific_survey":0,"_uf_disable_surveys":false},"product_cat":[31,41,47],"product_tag":[],"aioseo_notices":[],"jetpack_sharing_enabled":true,"_links":{"self":[{"href":"https:\/\/casadolivreiro.pt\/index.php\/wp-json\/wp\/v2\/product\/544"}],"collection":[{"href":"https:\/\/casadolivreiro.pt\/index.php\/wp-json\/wp\/v2\/product"}],"about":[{"href":"https:\/\/casadolivreiro.pt\/index.php\/wp-json\/wp\/v2\/types\/product"}],"replies":[{"embeddable":true,"href":"https:\/\/casadolivreiro.pt\/index.php\/wp-json\/wp\/v2\/comments?post=544"}],"wp:featuredmedia":[{"embeddable":true,"href":"https:\/\/casadolivreiro.pt\/index.php\/wp-json\/wp\/v2\/media\/542"}],"wp:attachment":[{"href":"https:\/\/casadolivreiro.pt\/index.php\/wp-json\/wp\/v2\/media?parent=544"}],"wp:term":[{"taxonomy":"product_cat","embeddable":true,"href":"https:\/\/casadolivreiro.pt\/index.php\/wp-json\/wp\/v2\/product_cat?post=544"},{"taxonomy":"product_tag","embeddable":true,"href":"https:\/\/casadolivreiro.pt\/index.php\/wp-json\/wp\/v2\/product_tag?post=544"}],"curies":[{"name":"wp","href":"https:\/\/api.w.org\/{rel}","templated":true}]}}