{"id":535,"date":"2024-03-14T14:56:16","date_gmt":"2024-03-14T14:56:16","guid":{"rendered":"https:\/\/casadolivreiro.pt\/?post_type=product&#038;p=535"},"modified":"2024-03-14T14:56:16","modified_gmt":"2024-03-14T14:56:16","slug":"dissidencia-e-nova-filosofia-organizacao-introducao-e-notas-de-manuel-maria-carrilho","status":"publish","type":"product","link":"https:\/\/casadolivreiro.pt\/index.php\/product\/dissidencia-e-nova-filosofia-organizacao-introducao-e-notas-de-manuel-maria-carrilho\/","title":{"rendered":"DISSID\u00caNCIA E NOVA FILOSOFIA &#8211; Organiza\u00e7\u00e3o, introdu\u00e7\u00e3o e notas de Manuel Maria  Carrilho"},"content":{"rendered":"<p>DISSID\u00caNCIA E NOVA FILOSOFIA<br \/>\nOrganiza\u00e7\u00e3o, introdu\u00e7\u00e3o e notas de Manuel Maria\u00a0 Carrilho<br \/>\nAno de edi\u00e7\u00e3o: 1979<br \/>\nEditor: Assirio e Alvim, Lisboa<br \/>\nIdioma: Portugu\u00eas<br \/>\nDimens\u00f5es: 16 x 0.8 x 21.7 cm<br \/>\nEncaderna\u00e7\u00e3o: Capa mole<br \/>\nP\u00e1ginas: 166<\/p>\n<p>Textos de Andr\u00e9 Glucksmann, Ant\u00f3nio Marques,\u00a0 Bernard-Henri L\u00e9vy, David Cooper, Denis Bourgeois, Eduardo Louren\u00e7o, Eduardo Prado Coelho, Fran\u00e7ois Aubral, Jacques Ranci\u00e9re, Jean Pierre Faye, G. Deleuze, Jos\u00e9 Manuel Sobral, Manuel Maria Carrilho, \u00a0Marine Zecca,\u00a0 Michel Foucault, Nicos\u00a0 Poulantzas e Xavier Delcourt<\/p>\n","protected":false},"excerpt":{"rendered":"<p>DISSID\u00caNCIA E NOVA FILOSOFIA Organiza\u00e7\u00e3o, introdu\u00e7\u00e3o e notas de Manuel Maria\u00a0 Carrilho Ano de edi\u00e7\u00e3o: 1979 Editor: Assirio e Alvim, Lisboa Idioma: Portugu\u00eas Dimens\u00f5es: 16 x 0.8 x 21.7 cm Encaderna\u00e7\u00e3o: Capa mole P\u00e1ginas: 166 Textos de Andr\u00e9 Glucksmann, Ant\u00f3nio Marques,\u00a0 Bernard-Henri L\u00e9vy, David Cooper, Denis Bourgeois, Eduardo Louren\u00e7o, Eduardo Prado Coelho, Fran\u00e7ois Aubral, Jacques [&hellip;]<\/p>\n","protected":false},"featured_media":536,"comment_status":"open","ping_status":"closed","template":"","meta":{"om_disable_all_campaigns":false,"_monsterinsights_skip_tracking":false,"_monsterinsights_sitenote_active":false,"_monsterinsights_sitenote_note":"","_monsterinsights_sitenote_category":0,"_uf_show_specific_survey":0,"_uf_disable_surveys":false},"product_cat":[31,47,29],"product_tag":[],"aioseo_notices":[],"jetpack_sharing_enabled":true,"_links":{"self":[{"href":"https:\/\/casadolivreiro.pt\/index.php\/wp-json\/wp\/v2\/product\/535"}],"collection":[{"href":"https:\/\/casadolivreiro.pt\/index.php\/wp-json\/wp\/v2\/product"}],"about":[{"href":"https:\/\/casadolivreiro.pt\/index.php\/wp-json\/wp\/v2\/types\/product"}],"replies":[{"embeddable":true,"href":"https:\/\/casadolivreiro.pt\/index.php\/wp-json\/wp\/v2\/comments?post=535"}],"wp:featuredmedia":[{"embeddable":true,"href":"https:\/\/casadolivreiro.pt\/index.php\/wp-json\/wp\/v2\/media\/536"}],"wp:attachment":[{"href":"https:\/\/casadolivreiro.pt\/index.php\/wp-json\/wp\/v2\/media?parent=535"}],"wp:term":[{"taxonomy":"product_cat","embeddable":true,"href":"https:\/\/casadolivreiro.pt\/index.php\/wp-json\/wp\/v2\/product_cat?post=535"},{"taxonomy":"product_tag","embeddable":true,"href":"https:\/\/casadolivreiro.pt\/index.php\/wp-json\/wp\/v2\/product_tag?post=535"}],"curies":[{"name":"wp","href":"https:\/\/api.w.org\/{rel}","templated":true}]}}