{"id":5312,"date":"2025-04-30T12:22:03","date_gmt":"2025-04-30T12:22:03","guid":{"rendered":"https:\/\/casadolivreiro.pt\/?post_type=product&#038;p=5312"},"modified":"2025-04-30T12:22:03","modified_gmt":"2025-04-30T12:22:03","slug":"w-i-t-c-h-revista-mensal-numero-29-fevereiro-2006","status":"publish","type":"product","link":"https:\/\/casadolivreiro.pt\/index.php\/product\/w-i-t-c-h-revista-mensal-numero-29-fevereiro-2006\/","title":{"rendered":"W.I.T.C.H. Revista mensal \u2013 n\u00famero 29, fevereiro 2006"},"content":{"rendered":"<p>W.I.T.C.H. Revista mensal \u2013 n\u00famero 29, fevereiro 2006<\/p>\n<p>Ano de edi\u00e7\u00e3o: 2006<\/p>\n<p>Editor:\u00a0 Edimpresa<\/p>\n<p>Idioma: Portugu\u00eas<\/p>\n<p>Dimens\u00f5es: 17 x 0.4 x 25.5<\/p>\n<p>Encaderna\u00e7\u00e3o: capa mole<\/p>\n<p>P\u00e1ginas: 82<\/p>\n","protected":false},"excerpt":{"rendered":"<p>W.I.T.C.H. Revista mensal \u2013 n\u00famero 29, fevereiro 2006 Ano de edi\u00e7\u00e3o: 2006 Editor:\u00a0 Edimpresa Idioma: Portugu\u00eas Dimens\u00f5es: 17 x 0.4 x 25.5 Encaderna\u00e7\u00e3o: capa mole P\u00e1ginas: 82<\/p>\n","protected":false},"featured_media":5313,"comment_status":"open","ping_status":"closed","template":"","meta":{"om_disable_all_campaigns":false,"_monsterinsights_skip_tracking":false,"_monsterinsights_sitenote_active":false,"_monsterinsights_sitenote_note":"","_monsterinsights_sitenote_category":0,"_uf_show_specific_survey":0,"_uf_disable_surveys":false},"product_cat":[35,34,65],"product_tag":[],"aioseo_notices":[],"jetpack_sharing_enabled":true,"_links":{"self":[{"href":"https:\/\/casadolivreiro.pt\/index.php\/wp-json\/wp\/v2\/product\/5312"}],"collection":[{"href":"https:\/\/casadolivreiro.pt\/index.php\/wp-json\/wp\/v2\/product"}],"about":[{"href":"https:\/\/casadolivreiro.pt\/index.php\/wp-json\/wp\/v2\/types\/product"}],"replies":[{"embeddable":true,"href":"https:\/\/casadolivreiro.pt\/index.php\/wp-json\/wp\/v2\/comments?post=5312"}],"wp:featuredmedia":[{"embeddable":true,"href":"https:\/\/casadolivreiro.pt\/index.php\/wp-json\/wp\/v2\/media\/5313"}],"wp:attachment":[{"href":"https:\/\/casadolivreiro.pt\/index.php\/wp-json\/wp\/v2\/media?parent=5312"}],"wp:term":[{"taxonomy":"product_cat","embeddable":true,"href":"https:\/\/casadolivreiro.pt\/index.php\/wp-json\/wp\/v2\/product_cat?post=5312"},{"taxonomy":"product_tag","embeddable":true,"href":"https:\/\/casadolivreiro.pt\/index.php\/wp-json\/wp\/v2\/product_tag?post=5312"}],"curies":[{"name":"wp","href":"https:\/\/api.w.org\/{rel}","templated":true}]}}