{"id":531,"date":"2024-03-14T14:48:44","date_gmt":"2024-03-14T14:48:44","guid":{"rendered":"https:\/\/casadolivreiro.pt\/?post_type=product&#038;p=531"},"modified":"2024-03-14T14:48:44","modified_gmt":"2024-03-14T14:48:44","slug":"ensino-programado-e-estudo-da-sua-didactica-fm-rubbens-biblioteca-do-educador-profissional","status":"publish","type":"product","link":"https:\/\/casadolivreiro.pt\/index.php\/product\/ensino-programado-e-estudo-da-sua-didactica-fm-rubbens-biblioteca-do-educador-profissional\/","title":{"rendered":"ENSINO PROGRAMADO E ESTUDO DA SUA DID\u00c1CTICA &#8211; FM Rubbens &#8211; Biblioteca do Educador Profissional"},"content":{"rendered":"<p>ENSINO PROGRAMADO E ESTUDO DA SUA DID\u00c1CTICA<br \/>\nFM Rubbens<br \/>\nBiblioteca do Educador Profissional<br \/>\nAno de edi\u00e7\u00e3o: 1981<br \/>\nEditor: Livros Horizonte Lda, Lisboa<br \/>\nIdioma: Portugu\u00eas<br \/>\nDimens\u00f5es: 12 x 1 x 18.5 cm<br \/>\nEncaderna\u00e7\u00e3o: Capa mole<br \/>\nP\u00e1ginas: 163<\/p>\n","protected":false},"excerpt":{"rendered":"<p>ENSINO PROGRAMADO E ESTUDO DA SUA DID\u00c1CTICA FM Rubbens Biblioteca do Educador Profissional Ano de edi\u00e7\u00e3o: 1981 Editor: Livros Horizonte Lda, Lisboa Idioma: Portugu\u00eas Dimens\u00f5es: 12 x 1 x 18.5 cm Encaderna\u00e7\u00e3o: Capa mole P\u00e1ginas: 163<\/p>\n","protected":false},"featured_media":532,"comment_status":"open","ping_status":"closed","template":"","meta":{"om_disable_all_campaigns":false,"_monsterinsights_skip_tracking":false,"_monsterinsights_sitenote_active":false,"_monsterinsights_sitenote_note":"","_monsterinsights_sitenote_category":0,"_uf_show_specific_survey":0,"_uf_disable_surveys":false},"product_cat":[47],"product_tag":[],"aioseo_notices":[],"jetpack_sharing_enabled":true,"_links":{"self":[{"href":"https:\/\/casadolivreiro.pt\/index.php\/wp-json\/wp\/v2\/product\/531"}],"collection":[{"href":"https:\/\/casadolivreiro.pt\/index.php\/wp-json\/wp\/v2\/product"}],"about":[{"href":"https:\/\/casadolivreiro.pt\/index.php\/wp-json\/wp\/v2\/types\/product"}],"replies":[{"embeddable":true,"href":"https:\/\/casadolivreiro.pt\/index.php\/wp-json\/wp\/v2\/comments?post=531"}],"wp:featuredmedia":[{"embeddable":true,"href":"https:\/\/casadolivreiro.pt\/index.php\/wp-json\/wp\/v2\/media\/532"}],"wp:attachment":[{"href":"https:\/\/casadolivreiro.pt\/index.php\/wp-json\/wp\/v2\/media?parent=531"}],"wp:term":[{"taxonomy":"product_cat","embeddable":true,"href":"https:\/\/casadolivreiro.pt\/index.php\/wp-json\/wp\/v2\/product_cat?post=531"},{"taxonomy":"product_tag","embeddable":true,"href":"https:\/\/casadolivreiro.pt\/index.php\/wp-json\/wp\/v2\/product_tag?post=531"}],"curies":[{"name":"wp","href":"https:\/\/api.w.org\/{rel}","templated":true}]}}